{"id":6399,"date":"2021-06-11T18:02:33","date_gmt":"2021-06-11T15:02:33","guid":{"rendered":"https:\/\/www.ctp.limo\/services\/"},"modified":"2025-10-17T11:04:29","modified_gmt":"2025-10-17T09:04:29","slug":"services","status":"publish","type":"page","link":"https:\/\/www.ctp.limo\/fr\/services\/","title":{"rendered":"Services"},"content":{"rendered":"<div class=\"wpb-content-wrapper\"><p>[vc_row css=\u00a0\u00bb.vc_custom_1621850793323{padding-top: 98px !important;padding-bottom: 85px !important;}\u00a0\u00bb][vc_column width=\u00a0\u00bb1\/6&Prime;][\/vc_column][vc_column width=\u00a0\u00bb2\/3&Prime; text_align=\u00a0\u00bbcenter\u00a0\u00bb][vc_text_separator title=\u00a0\u00bbIl est tr\u00e8s agr\u00e9able d\u2019arriver dans un lieu inconnu et de savoir que quelqu\u2019un nous y attend !\u00a0\u00bb element=\u00a0\u00bbh2&Prime;][\/vc_column][vc_column width=\u00a0\u00bb1\/6&Prime;][\/vc_column][\/vc_row][vc_row wrap_container=\u00a0\u00bbyes\u00a0\u00bb css=\u00a0\u00bb.vc_custom_1621850838306{padding-top: 35px !important;padding-bottom: 95px !important;}\u00a0\u00bb][vc_column offset=\u00a0\u00bbvc_col-md-4&Prime; animation_type=\u00a0\u00bbfadeInLeft\u00a0\u00bb]<div class=\"porto-sicon-box  wpb_custom_1efe903570d178ff0a9b7bfa5febd3a4 style_1 left-icon\"><div class=\"porto-sicon-left\"><div class=\"porto-just-icon-wrapper porto-sicon-img  porto-icon-9f5d1cfb45d27d96b50bf473aebba227\" style=\"font-size: 35px;\"><img decoding=\"async\" class=\"img-icon\" alt=\"\" src=\"https:\/\/www.ctp.limo\/wp-content\/uploads\/2021\/05\/seat1.png\" width=\"512\" height=\"512\" \/><\/div><\/div><div class=\"porto-sicon-body\"><div class=\"porto-sicon-header\"><h3 class=\"porto-sicon-title\" style=\"font-weight:700;line-height:15px;\">S\u00e9curit\u00e9 et Fiabilit\u00e9<\/h3><\/div> <!-- header --><div class=\"porto-sicon-description\" style=\"\">Avec un maximum de s\u00e9curit\u00e9, de fiabilit\u00e9 et de rapidit\u00e9, CTP assure le v\u00f4tre transport.<\/div> <!-- description --><\/div><\/div><!-- porto-sicon-box -->[\/vc_column][vc_column animation_delay=\u00a0\u00bb200&Prime; offset=\u00a0\u00bbvc_col-md-4&Prime; animation_type=\u00a0\u00bbfadeInLeft\u00a0\u00bb]<div class=\"porto-sicon-box  wpb_custom_1efe903570d178ff0a9b7bfa5febd3a4 style_1 left-icon\"><div class=\"porto-sicon-left\"><div class=\"porto-just-icon-wrapper porto-sicon-img  porto-icon-9f5d1cfb45d27d96b50bf473aebba227\" style=\"font-size: 35px;\"><img decoding=\"async\" class=\"img-icon\" alt=\"\" src=\"https:\/\/www.ctp.limo\/wp-content\/uploads\/2021\/05\/tag.png\" width=\"512\" height=\"512\" \/><\/div><\/div><div class=\"porto-sicon-body\"><div class=\"porto-sicon-header\"><h3 class=\"porto-sicon-title\" style=\"font-weight:700;line-height:15px;\">Prix Fixe<\/h3><\/div> <!-- header --><div class=\"porto-sicon-description\" style=\"\">Prix fixe ind\u00e9pendamment de toute modification des horaires pouvant survenir.<\/div> <!-- description --><\/div><\/div><!-- porto-sicon-box -->[\/vc_column][vc_column animation_delay=\u00a0\u00bb400&Prime; offset=\u00a0\u00bbvc_col-md-4&Prime; animation_type=\u00a0\u00bbfadeInLeft\u00a0\u00bb]<div class=\"porto-sicon-box  wpb_custom_1efe903570d178ff0a9b7bfa5febd3a4 style_1 left-icon\"><div class=\"porto-sicon-left\"><div class=\"porto-just-icon-wrapper porto-sicon-img  porto-icon-9f5d1cfb45d27d96b50bf473aebba227\" style=\"font-size: 35px;\"><img decoding=\"async\" class=\"img-icon\" alt=\"\" src=\"https:\/\/www.ctp.limo\/wp-content\/uploads\/2021\/05\/24-hours-support.png\" width=\"512\" height=\"512\" \/><\/div><\/div><div class=\"porto-sicon-body\"><div class=\"porto-sicon-header\"><h3 class=\"porto-sicon-title\" style=\"font-weight:700;line-height:15px;\">24\/7<\/h3><\/div> <!-- header --><div class=\"porto-sicon-description\" style=\"\">Notre service de transport vers la destination de votre choix est disponible 24 heures sur 24, tous les jours de l\u2019ann\u00e9e.<\/div> <!-- description --><\/div><\/div><!-- porto-sicon-box -->[\/vc_column][\/vc_row][vc_row no_padding=\u00a0\u00bbyes\u00a0\u00bb css=\u00a0\u00bb.vc_custom_1622134254222{background-color: #ececec !important;}\u00a0\u00bb][vc_column parallax=\u00a0\u00bbcontent-moving\u00a0\u00bb parallax_image=\u00a0\u00bb5290&Prime; parallax_speed_bg=\u00a0\u00bb2&Prime; width=\u00a0\u00bb1\/2&Prime; css=\u00a0\u00bb.vc_custom_1622537100478{padding-top: 150px !important;padding-bottom: 150px !important;}\u00a0\u00bb][\/vc_column][vc_column width=\u00a0\u00bb1\/2&Prime; css=\u00a0\u00bb.vc_custom_1621859223209{padding-top: 80px !important;padding-bottom: 60px !important;}\u00a0\u00bb el_class=\u00a0\u00bbcol-half-section pl-3 pr-3 pl-md-5 pr-md-0&Prime;]<div class=\"porto-u-heading mb-1  wpb_custom_95aa9a11c17ad45cfabaf210d84ee7cc porto-u-ad87e2eaf3f9c495180fe0156ddf3eb0 \" data-appear-animation=\"maskUp\"><div class=\"porto-u-main-heading\"><h3   style=\"font-weight:700;\">Chauffeur Priv\u00e9<\/h3><\/div><style>.porto-u-ad87e2eaf3f9c495180fe0156ddf3eb0.porto-u-heading{text-align:left}<\/style><\/div>[vc_empty_space height=\u00a0\u00bb20px\u00a0\u00bb][vc_column_text css_animation=\u00a0\u00bbfadeInUp\u00a0\u00bb el_class=\u00a0\u00bbfont-size-sm\u00a0\u00bb]Le service de chauffeur exclusif est la solution id\u00e9ale pour vos exigences et vos besoins personnels. Our high-end transport service to the destination of your choice&#8230;[\/vc_column_text][vc_btn title=\u00a0\u00bbDECOUVRIR\u00a0\u00bb style=\u00a0\u00bboutline\u00a0\u00bb shape=\u00a0\u00bbsquare\u00a0\u00bb color=\u00a0\u00bbwhite\u00a0\u00bb size=\u00a0\u00bbxl\u00a0\u00bb align=\u00a0\u00bbleft\u00a0\u00bb css=\u00a0\u00bb.vc_custom_1622126490612{padding-top: 20px !important;}\u00a0\u00bb skin=\u00a0\u00bbprimary\u00a0\u00bb btn_fw=\u00a0\u00bb700&Prime; link=\u00a0\u00bburl:https%3A%2F%2Fctp.limo%2Ffr%2Fle-prive-chauffer%2F|title:Le%20Prive%20Chauffer|\u00a0\u00bb el_class=\u00a0\u00bbcustom-btn-style-2 text-color-dark font-weight-semibold\u00a0\u00bb][\/vc_column][\/vc_row][vc_row no_padding=\u00a0\u00bbyes\u00a0\u00bb css=\u00a0\u00bb.vc_custom_1622135478651{background-color: #ececec !important;}\u00a0\u00bb][vc_column parallax=\u00a0\u00bbcontent-moving\u00a0\u00bb parallax_image=\u00a0\u00bb5316&Prime; parallax_speed_bg=\u00a0\u00bb2&Prime; width=\u00a0\u00bb1\/2&Prime; css=\u00a0\u00bb.vc_custom_1622648757658{padding-top: 150px !important;padding-bottom: 150px !important;}\u00a0\u00bb el_class=\u00a0\u00bborder-md-2&Prime;][\/vc_column][vc_column width=\u00a0\u00bb1\/2&Prime; css=\u00a0\u00bb.vc_custom_1543849756478{padding-top: 90px !important;padding-bottom: 60px !important;}\u00a0\u00bb][vc_row_inner el_class=\u00a0\u00bbcol-half-section col-half-section-right ml-0 mr-md-3&Prime;][vc_column_inner]<div class=\"porto-u-heading mb-1  wpb_custom_95aa9a11c17ad45cfabaf210d84ee7cc porto-u-ad87e2eaf3f9c495180fe0156ddf3eb0 \" data-appear-animation=\"maskUp\"><div class=\"porto-u-main-heading\"><h3   style=\"font-weight:700;\">Transport en Classe Affaires<\/h3><\/div><style>.porto-u-ad87e2eaf3f9c495180fe0156ddf3eb0.porto-u-heading{text-align:left}<\/style><\/div>[vc_empty_space height=\u00a0\u00bb20px\u00a0\u00bb][vc_column_text css_animation=\u00a0\u00bbfadeInUp\u00a0\u00bb el_class=\u00a0\u00bbfont-size-sm\u00a0\u00bb]Confiez-nous le transport de collaborateurs, clients, personnel ou cadres de votre entreprise de fa\u00e7on quotidienne, r\u00e9guli\u00e8re ou ponctuelle dans n&rsquo;importe quelle ville ou r\u00e9gion &#8230;[\/vc_column_text][vc_btn title=\u00a0\u00bbDECOUVRIR\u00a0\u00bb style=\u00a0\u00bboutline\u00a0\u00bb shape=\u00a0\u00bbsquare\u00a0\u00bb color=\u00a0\u00bbwhite\u00a0\u00bb size=\u00a0\u00bbxl\u00a0\u00bb align=\u00a0\u00bbleft\u00a0\u00bb css=\u00a0\u00bb.vc_custom_1622126476489{padding-top: 20px !important;}\u00a0\u00bb skin=\u00a0\u00bbprimary\u00a0\u00bb btn_fw=\u00a0\u00bb700&Prime; link=\u00a0\u00bburl:https%3A%2F%2Fctp.limo%2Ffr%2Fbusiness-class%2F|title:Business%20Class|\u00a0\u00bb el_class=\u00a0\u00bbcustom-btn-style-2 text-color-dark font-weight-semibold\u00a0\u00bb][\/vc_column_inner][\/vc_row_inner][\/vc_column][\/vc_row][vc_row no_padding=\u00a0\u00bbyes\u00a0\u00bb css=\u00a0\u00bb.vc_custom_1622135487005{background-color: #ececec !important;}\u00a0\u00bb][vc_column parallax=\u00a0\u00bbcontent-moving\u00a0\u00bb parallax_image=\u00a0\u00bb5197&Prime; parallax_speed_bg=\u00a0\u00bb2&Prime; width=\u00a0\u00bb1\/2&Prime; css=\u00a0\u00bb.vc_custom_1622452993434{padding-top: 150px !important;padding-bottom: 150px !important;}\u00a0\u00bb][\/vc_column][vc_column width=\u00a0\u00bb1\/2&Prime; css=\u00a0\u00bb.vc_custom_1543849481443{padding-top: 90px !important;padding-bottom: 60px !important;}\u00a0\u00bb el_class=\u00a0\u00bbcol-half-section pl-3 pr-3 pl-md-5 pr-md-0&Prime;]<div class=\"porto-u-heading mb-1  wpb_custom_95aa9a11c17ad45cfabaf210d84ee7cc porto-u-ad87e2eaf3f9c495180fe0156ddf3eb0 \" data-appear-animation=\"maskUp\"><div class=\"porto-u-main-heading\"><h3   style=\"font-weight:700;\">\u00c9v\u00e9nements<\/h3><\/div><style>.porto-u-ad87e2eaf3f9c495180fe0156ddf3eb0.porto-u-heading{text-align:left}<\/style><\/div>[vc_empty_space height=\u00a0\u00bb20px\u00a0\u00bb][vc_column_text css_animation=\u00a0\u00bbfadeInUp\u00a0\u00bb el_class=\u00a0\u00bbfont-size-sm\u00a0\u00bb]Une \u00e9quipe sp\u00e9ciale du CTP \u00e9tudie votre programme, organise soigneusement le calendrier de vos d\u00e9placements et contribue ainsi au succ\u00e8s de votre participation &#8230;[\/vc_column_text][vc_btn title=\u00a0\u00bbDECOUVRIR\u00a0\u00bb style=\u00a0\u00bboutline\u00a0\u00bb shape=\u00a0\u00bbsquare\u00a0\u00bb color=\u00a0\u00bbwhite\u00a0\u00bb size=\u00a0\u00bbxl\u00a0\u00bb align=\u00a0\u00bbleft\u00a0\u00bb css=\u00a0\u00bb.vc_custom_1622126447663{padding-top: 20px !important;}\u00a0\u00bb skin=\u00a0\u00bbprimary\u00a0\u00bb btn_fw=\u00a0\u00bb700&Prime; link=\u00a0\u00bburl:https%3A%2F%2Fctp.limo%2Ffr%2Fevenementiel%2F|title:%C3%89v%C3%A9nementiel|\u00a0\u00bb el_class=\u00a0\u00bbcustom-btn-style-2 text-color-dark font-weight-semibold\u00a0\u00bb][\/vc_column][\/vc_row][vc_row no_padding=\u00a0\u00bbyes\u00a0\u00bb css=\u00a0\u00bb.vc_custom_1622135505045{background-color: #ececec !important;}\u00a0\u00bb][vc_column parallax=\u00a0\u00bbcontent-moving\u00a0\u00bb parallax_image=\u00a0\u00bb5209&Prime; parallax_speed_bg=\u00a0\u00bb2&Prime; width=\u00a0\u00bb1\/2&Prime; css=\u00a0\u00bb.vc_custom_1622455800774{padding-top: 150px !important;padding-bottom: 150px !important;}\u00a0\u00bb el_class=\u00a0\u00bborder-md-2&Prime;][\/vc_column][vc_column width=\u00a0\u00bb1\/2&Prime; css=\u00a0\u00bb.vc_custom_1543849756478{padding-top: 90px !important;padding-bottom: 60px !important;}\u00a0\u00bb][vc_row_inner el_class=\u00a0\u00bbcol-half-section col-half-section-right ml-0 mr-md-3&Prime;][vc_column_inner]<div class=\"porto-u-heading mb-1  wpb_custom_95aa9a11c17ad45cfabaf210d84ee7cc porto-u-ad87e2eaf3f9c495180fe0156ddf3eb0 \" data-appear-animation=\"maskUp\"><div class=\"porto-u-main-heading\"><h3   style=\"font-weight:700;\">A\u00e9roports et Gares<\/h3><\/div><style>.porto-u-ad87e2eaf3f9c495180fe0156ddf3eb0.porto-u-heading{text-align:left}<\/style><\/div>[vc_empty_space height=\u00a0\u00bb20px\u00a0\u00bb][vc_column_text css_animation=\u00a0\u00bbfadeInUp\u00a0\u00bb el_class=\u00a0\u00bbfont-size-sm\u00a0\u00bb]Faites confiance \u00e0 CTP et \u00e0 nos chauffeurs pour vous emmener et ramener en toute s\u00e9curit\u00e9 des a\u00e9roports ou des gares. Notre parfaite connaissance du r\u00e9seau routier et du temps estim\u00e9 &#8230;[\/vc_column_text][vc_btn title=\u00a0\u00bbDECOUVRIR\u00a0\u00bb style=\u00a0\u00bboutline\u00a0\u00bb shape=\u00a0\u00bbsquare\u00a0\u00bb color=\u00a0\u00bbwhite\u00a0\u00bb size=\u00a0\u00bbxl\u00a0\u00bb align=\u00a0\u00bbleft\u00a0\u00bb css=\u00a0\u00bb.vc_custom_1622126427373{padding-top: 20px !important;}\u00a0\u00bb skin=\u00a0\u00bbprimary\u00a0\u00bb btn_fw=\u00a0\u00bb700&Prime; link=\u00a0\u00bburl:https%3A%2F%2Fctp.limo%2Ffr%2Faeroports-et-gares%2F|title:A%C3%A9roports%20et%20Gares|\u00a0\u00bb el_class=\u00a0\u00bbcustom-btn-style-2 text-color-dark font-weight-semibold\u00a0\u00bb][\/vc_column_inner][\/vc_row_inner][\/vc_column][\/vc_row][vc_row no_padding=\u00a0\u00bbyes\u00a0\u00bb css=\u00a0\u00bb.vc_custom_1622135527097{background-color: #ececec !important;}\u00a0\u00bb][vc_column parallax=\u00a0\u00bbcontent-moving\u00a0\u00bb parallax_image=\u00a0\u00bb5318&Prime; parallax_speed_bg=\u00a0\u00bb2&Prime; width=\u00a0\u00bb1\/2&Prime; css=\u00a0\u00bb.vc_custom_1622648929917{padding-top: 150px !important;padding-bottom: 150px !important;}\u00a0\u00bb][\/vc_column][vc_column width=\u00a0\u00bb1\/2&Prime; css=\u00a0\u00bb.vc_custom_1543849481443{padding-top: 90px !important;padding-bottom: 60px !important;}\u00a0\u00bb el_class=\u00a0\u00bbcol-half-section pl-3 pr-3 pl-md-5 pr-md-0&Prime;]<div class=\"porto-u-heading mb-1  wpb_custom_95aa9a11c17ad45cfabaf210d84ee7cc porto-u-ad87e2eaf3f9c495180fe0156ddf3eb0 \" data-appear-animation=\"maskUp\"><div class=\"porto-u-main-heading\"><h3   style=\"font-weight:700;\">Transfert et protection des VIP<\/h3><\/div><style>.porto-u-ad87e2eaf3f9c495180fe0156ddf3eb0.porto-u-heading{text-align:left}<\/style><\/div>[vc_empty_space height=\u00a0\u00bb20px\u00a0\u00bb][vc_column_text css_animation=\u00a0\u00bbfadeInUp\u00a0\u00bb el_class=\u00a0\u00bbfont-size-sm\u00a0\u00bb]CTP assure avec une discr\u00e9tion, une fiabilit\u00e9 et une s\u00e9curit\u00e9 absolues le transport, l&rsquo;accompagnement et la protection de hautes personnalit\u00e9s, hommes politiques, hommes d&rsquo;affaires &#8230;[\/vc_column_text][vc_btn title=\u00a0\u00bbDECOUVRIR\u00a0\u00bb style=\u00a0\u00bboutline\u00a0\u00bb shape=\u00a0\u00bbsquare\u00a0\u00bb color=\u00a0\u00bbwhite\u00a0\u00bb size=\u00a0\u00bbxl\u00a0\u00bb align=\u00a0\u00bbleft\u00a0\u00bb css=\u00a0\u00bb.vc_custom_1622126409454{padding-top: 20px !important;}\u00a0\u00bb skin=\u00a0\u00bbprimary\u00a0\u00bb btn_fw=\u00a0\u00bb700&Prime; link=\u00a0\u00bburl:https%3A%2F%2Fctp.limo%2Ffr%2Fvip%2F|title:Transfert%20et%20protection%20des%20VIP|\u00a0\u00bb el_class=\u00a0\u00bbcustom-btn-style-2 text-color-dark font-weight-semibold\u00a0\u00bb][\/vc_column][\/vc_row][vc_row no_padding=\u00a0\u00bbyes\u00a0\u00bb css=\u00a0\u00bb.vc_custom_1622135534868{background-color: #ececec !important;}\u00a0\u00bb][vc_column parallax=\u00a0\u00bbcontent-moving\u00a0\u00bb parallax_image=\u00a0\u00bb4222&Prime; parallax_speed_bg=\u00a0\u00bb2&Prime; width=\u00a0\u00bb1\/2&Prime; css=\u00a0\u00bb.vc_custom_1621862113504{padding-top: 150px !important;padding-bottom: 150px !important;}\u00a0\u00bb el_class=\u00a0\u00bborder-md-2&Prime;][\/vc_column][vc_column width=\u00a0\u00bb1\/2&Prime; css=\u00a0\u00bb.vc_custom_1543849756478{padding-top: 90px !important;padding-bottom: 60px !important;}\u00a0\u00bb][vc_row_inner el_class=\u00a0\u00bbcol-half-section col-half-section-right ml-0 mr-md-3&Prime;][vc_column_inner]<div class=\"porto-u-heading mb-1  wpb_custom_95aa9a11c17ad45cfabaf210d84ee7cc porto-u-ad87e2eaf3f9c495180fe0156ddf3eb0 \" data-appear-animation=\"maskUp\"><div class=\"porto-u-main-heading\"><h3   style=\"font-weight:700;\">Premium Delivery<\/h3><\/div><style>.porto-u-ad87e2eaf3f9c495180fe0156ddf3eb0.porto-u-heading{text-align:left}<\/style><\/div>[vc_empty_space height=\u00a0\u00bb20px\u00a0\u00bb][vc_column_text css_animation=\u00a0\u00bbfadeInUp\u00a0\u00bb el_class=\u00a0\u00bbfont-size-sm\u00a0\u00bb]Avec un maximum de s\u00e9curit\u00e9, de fiabilit\u00e9 et de rapidit\u00e9, CTP assure le transport &#8211; avec le chauffeur personnel de votre choix &#8211; de documents confidentiels, d&rsquo;objets de valeur &#8230;[\/vc_column_text][vc_btn title=\u00a0\u00bbDECOUVRIR\u00a0\u00bb style=\u00a0\u00bboutline\u00a0\u00bb shape=\u00a0\u00bbsquare\u00a0\u00bb color=\u00a0\u00bbwhite\u00a0\u00bb size=\u00a0\u00bbxl\u00a0\u00bb align=\u00a0\u00bbleft\u00a0\u00bb css=\u00a0\u00bb.vc_custom_1622126365401{padding-top: 20px !important;}\u00a0\u00bb skin=\u00a0\u00bbprimary\u00a0\u00bb btn_fw=\u00a0\u00bb700&Prime; link=\u00a0\u00bburl:https%3A%2F%2Fctp.limo%2Ffr%2Fpremium-delivery%2F|title:Premium%20Delivery|\u00a0\u00bb el_class=\u00a0\u00bbcustom-btn-style-2 text-color-dark font-weight-semibold\u00a0\u00bb][\/vc_column_inner][\/vc_row_inner][\/vc_column][\/vc_row][vc_row no_padding=\u00a0\u00bbyes\u00a0\u00bb css=\u00a0\u00bb.vc_custom_1622135542693{background-color: #ececec !important;}\u00a0\u00bb][vc_column parallax=\u00a0\u00bbcontent-moving\u00a0\u00bb parallax_image=\u00a0\u00bb5213&Prime; parallax_speed_bg=\u00a0\u00bb2&Prime; width=\u00a0\u00bb1\/2&Prime; css=\u00a0\u00bb.vc_custom_1622456462716{padding-top: 150px !important;padding-bottom: 150px !important;}\u00a0\u00bb][\/vc_column][vc_column width=\u00a0\u00bb1\/2&Prime; css=\u00a0\u00bb.vc_custom_1543849481443{padding-top: 90px !important;padding-bottom: 60px !important;}\u00a0\u00bb el_class=\u00a0\u00bbcol-half-section pl-3 pr-3 pl-md-5 pr-md-0&Prime;]<div class=\"porto-u-heading mb-1  wpb_custom_95aa9a11c17ad45cfabaf210d84ee7cc porto-u-ad87e2eaf3f9c495180fe0156ddf3eb0 \" data-appear-animation=\"maskUp\"><div class=\"porto-u-main-heading\"><h3   style=\"font-weight:700;\">Voyages\/Excursions de Plaisance<\/h3><\/div><style>.porto-u-ad87e2eaf3f9c495180fe0156ddf3eb0.porto-u-heading{text-align:left}<\/style><\/div>[vc_empty_space height=\u00a0\u00bb20px\u00a0\u00bb][vc_column_text css_animation=\u00a0\u00bbfadeInUp\u00a0\u00bb el_class=\u00a0\u00bbfont-size-sm\u00a0\u00bb]CTP peut proposer et organiser pour vous des excursions inoubliables dans toute la France et le reste de l&rsquo;Europe. CTP peut proposer et organiser pour vous des excursions inoubliables dans toute la France et le reste de l&rsquo;Europe.[\/vc_column_text][vc_btn title=\u00a0\u00bbDECOUVRIR\u00a0\u00bb style=\u00a0\u00bboutline\u00a0\u00bb shape=\u00a0\u00bbsquare\u00a0\u00bb color=\u00a0\u00bbwhite\u00a0\u00bb size=\u00a0\u00bbxl\u00a0\u00bb align=\u00a0\u00bbleft\u00a0\u00bb css=\u00a0\u00bb.vc_custom_1622126349718{padding-top: 20px !important;}\u00a0\u00bb skin=\u00a0\u00bbprimary\u00a0\u00bb btn_fw=\u00a0\u00bb700&Prime; link=\u00a0\u00bburl:https%3A%2F%2Fctp.limo%2Ffr%2Fvoyages-excursions-de-plaisance%2F|title:Voyages%2FExcursions%20de%20Plaisance|\u00a0\u00bb el_class=\u00a0\u00bbcustom-btn-style-2 text-color-dark font-weight-semibold\u00a0\u00bb][\/vc_column][\/vc_row][vc_row no_padding=\u00a0\u00bbyes\u00a0\u00bb css=\u00a0\u00bb.vc_custom_1622135561725{background-color: #ececec !important;}\u00a0\u00bb][vc_column parallax=\u00a0\u00bbcontent-moving\u00a0\u00bb parallax_image=\u00a0\u00bb5320&Prime; parallax_speed_bg=\u00a0\u00bb2&Prime; width=\u00a0\u00bb1\/2&Prime; css=\u00a0\u00bb.vc_custom_1622649094235{padding-top: 150px !important;padding-bottom: 150px !important;}\u00a0\u00bb el_class=\u00a0\u00bborder-md-2&Prime;][\/vc_column][vc_column width=\u00a0\u00bb1\/2&Prime; css=\u00a0\u00bb.vc_custom_1543849756478{padding-top: 90px !important;padding-bottom: 60px !important;}\u00a0\u00bb][vc_row_inner el_class=\u00a0\u00bbcol-half-section col-half-section-right ml-0 mr-md-3&Prime;][vc_column_inner]<div class=\"porto-u-heading mb-1  wpb_custom_95aa9a11c17ad45cfabaf210d84ee7cc porto-u-ad87e2eaf3f9c495180fe0156ddf3eb0 \" data-appear-animation=\"maskUp\"><div class=\"porto-u-main-heading\"><h3   style=\"font-weight:700;\">Services CTP \u00e0 Londres<\/h3><\/div><style>.porto-u-ad87e2eaf3f9c495180fe0156ddf3eb0.porto-u-heading{text-align:left}<\/style><\/div>[vc_empty_space height=\u00a0\u00bb20px\u00a0\u00bb][vc_column_text css_animation=\u00a0\u00bbfadeInUp\u00a0\u00bb el_class=\u00a0\u00bbfont-size-sm\u00a0\u00bb]Profitez \u00e9galement du large \u00e9ventail de services CTP \u00e0 Londres!<br \/>\nL&rsquo;excellente coordination de nos services et de nos partenaires vous garantit des services de transport d&rsquo;un luxe &#8230;[\/vc_column_text][vc_btn title=\u00a0\u00bbDECOUVRIR\u00a0\u00bb style=\u00a0\u00bboutline\u00a0\u00bb shape=\u00a0\u00bbsquare\u00a0\u00bb color=\u00a0\u00bbwhite\u00a0\u00bb size=\u00a0\u00bbxl\u00a0\u00bb align=\u00a0\u00bbleft\u00a0\u00bb css=\u00a0\u00bb.vc_custom_1760691851391{padding-top: 20px !important;}\u00a0\u00bb skin=\u00a0\u00bbprimary\u00a0\u00bb btn_fw=\u00a0\u00bb700&Prime; link=\u00a0\u00bburl:https%3A%2F%2Fwww.ctp.limo%2Ffr%2Fctp-a-londres%2F|title:Services%20CTP%20%C3%A0%20Londres\u00a0\u00bb el_class=\u00a0\u00bbcustom-btn-style-2 text-color-dark font-weight-semibold\u00a0\u00bb css_params=\u00a0\u00bb\u00a0\u00bb][\/vc_column_inner][\/vc_row_inner][\/vc_column][\/vc_row][vc_row no_padding=\u00a0\u00bbyes\u00a0\u00bb css=\u00a0\u00bb.vc_custom_1622135571373{background-color: #ececec !important;}\u00a0\u00bb][vc_column parallax=\u00a0\u00bbcontent-moving\u00a0\u00bb parallax_image=\u00a0\u00bb5322&Prime; parallax_speed_bg=\u00a0\u00bb2&Prime; width=\u00a0\u00bb1\/2&Prime; css=\u00a0\u00bb.vc_custom_1622649451905{padding-top: 150px !important;padding-bottom: 150px !important;}\u00a0\u00bb][\/vc_column][vc_column width=\u00a0\u00bb1\/2&Prime; css=\u00a0\u00bb.vc_custom_1543849481443{padding-top: 90px !important;padding-bottom: 60px !important;}\u00a0\u00bb el_class=\u00a0\u00bbcol-half-section pl-3 pr-3 pl-md-5 pr-md-0&Prime;]<div class=\"porto-u-heading mb-1  wpb_custom_95aa9a11c17ad45cfabaf210d84ee7cc porto-u-ad87e2eaf3f9c495180fe0156ddf3eb0 \" data-appear-animation=\"maskUp\"><div class=\"porto-u-main-heading\"><h3   style=\"font-weight:700;\">Services CTP en Gr\u00e8ce<\/h3><\/div><style>.porto-u-ad87e2eaf3f9c495180fe0156ddf3eb0.porto-u-heading{text-align:left}<\/style><\/div>[vc_empty_space height=\u00a0\u00bb20px\u00a0\u00bb][vc_column_text css_animation=\u00a0\u00bbfadeInUp\u00a0\u00bb el_class=\u00a0\u00bbfont-size-sm\u00a0\u00bb]Profitez \u00e9galement du large \u00e9ventail de services CTP en Gr\u00e8ce!<br \/>\nL&rsquo;excellente coordination de nos services et de nos partenaires vous garantit des services de transport d&rsquo;un luxe &#8230;[\/vc_column_text][vc_btn title=\u00a0\u00bbDECOUVRIR\u00a0\u00bb style=\u00a0\u00bboutline\u00a0\u00bb shape=\u00a0\u00bbsquare\u00a0\u00bb color=\u00a0\u00bbwhite\u00a0\u00bb size=\u00a0\u00bbxl\u00a0\u00bb align=\u00a0\u00bbleft\u00a0\u00bb css=\u00a0\u00bb.vc_custom_1760691868143{padding-top: 20px !important;}\u00a0\u00bb skin=\u00a0\u00bbprimary\u00a0\u00bb btn_fw=\u00a0\u00bb700&Prime; link=\u00a0\u00bburl:https%3A%2F%2Fwww.ctp.limo%2Ffr%2Fctp-a-athenes%2F|title:Services%20CTP%20en%20Gr%C3%A8ce\u00a0\u00bb el_class=\u00a0\u00bbcustom-btn-style-2 text-color-dark font-weight-semibold\u00a0\u00bb css_params=\u00a0\u00bb\u00a0\u00bb][\/vc_column][\/vc_row][vc_row css=\u00a0\u00bb.vc_custom_1621872242580{padding-top: 60px !important;padding-bottom: 85px !important;}\u00a0\u00bb][vc_column width=\u00a0\u00bb1\/6&Prime;][\/vc_column][vc_column width=\u00a0\u00bb2\/3&Prime; text_align=\u00a0\u00bbcenter\u00a0\u00bb][vc_empty_space height=\u00a0\u00bb70px\u00a0\u00bb][vc_text_separator title=\u00a0\u00bbInstallez-vous confortablement dans votre si\u00e8ge et profitez de l&rsquo;exp\u00e9rience des services haut-de-gamme de CTP sur la route!\u00a0\u00bb element=\u00a0\u00bbh3&Prime;][vc_empty_space height=\u00a0\u00bb60px\u00a0\u00bb][vc_btn title=\u00a0\u00bbBOOK ON-LINE\u00a0\u00bb style=\u00a0\u00bboutline-custom\u00a0\u00bb outline_custom_color=\u00a0\u00bb#666666&Prime; outline_custom_hover_background=\u00a0\u00bb#ffffff\u00a0\u00bb outline_custom_hover_text=\u00a0\u00bb#000000&Prime; shape=\u00a0\u00bbsquare\u00a0\u00bb size=\u00a0\u00bbxl\u00a0\u00bb align=\u00a0\u00bbcenter\u00a0\u00bb css=\u00a0\u00bb.vc_custom_1745825840661{padding-top: 20px !important;}\u00a0\u00bb skin=\u00a0\u00bbdark\u00a0\u00bb btn_fw=\u00a0\u00bb700&Prime; link=\u00a0\u00bburl:https%3A%2F%2Fwww.ctp.limo%2Fbook-online%2F|title:BOOK%20ON-LINE|target:_blank\u00a0\u00bb el_class=\u00a0\u00bbcustom-btn-style-2 text-color-dark font-weight-semibold\u00a0\u00bb css_params=\u00a0\u00bb\u00a0\u00bb][\/vc_column][vc_column width=\u00a0\u00bb1\/6&Prime;][\/vc_column][\/vc_row]<\/p>\n<\/div>","protected":false},"excerpt":{"rendered":"<p>[vc_row css=\u00a0\u00bb.vc_custom_1621850793323{padding-top: 98px !important;padding-bottom: 85px !important;}\u00a0\u00bb][vc_column width=\u00a0\u00bb1\/6&Prime;][\/vc_column][vc_column width=\u00a0\u00bb2\/3&Prime; text_align=\u00a0\u00bbcenter\u00a0\u00bb][vc_text_separator title=\u00a0\u00bbIl est tr\u00e8s agr\u00e9able d\u2019arriver dans un lieu inconnu et de savoir que quelqu\u2019un nous y attend !\u00a0\u00bb element=\u00a0\u00bbh2&Prime;][\/vc_column][vc_column width=\u00a0\u00bb1\/6&Prime;][\/vc_column][\/vc_row][vc_row wrap_container=\u00a0\u00bbyes\u00a0\u00bb css=\u00a0\u00bb.vc_custom_1621850838306{padding-top: 35px !important;padding-bottom: 95px !important;}\u00a0\u00bb][vc_column offset=\u00a0\u00bbvc_col-md-4&Prime; animation_type=\u00a0\u00bbfadeInLeft\u00a0\u00bb][\/vc_column][vc_column animation_delay=\u00a0\u00bb200&Prime; offset=\u00a0\u00bbvc_col-md-4&Prime; animation_type=\u00a0\u00bbfadeInLeft\u00a0\u00bb][\/vc_column][vc_column animation_delay=\u00a0\u00bb400&Prime; offset=\u00a0\u00bbvc_col-md-4&Prime; animation_type=\u00a0\u00bbfadeInLeft\u00a0\u00bb][\/vc_column][\/vc_row][vc_row no_padding=\u00a0\u00bbyes\u00a0\u00bb css=\u00a0\u00bb.vc_custom_1622134254222{background-color: #ececec !important;}\u00a0\u00bb][vc_column parallax=\u00a0\u00bbcontent-moving\u00a0\u00bb parallax_image=\u00a0\u00bb5290&Prime; parallax_speed_bg=\u00a0\u00bb2&Prime; width=\u00a0\u00bb1\/2&Prime; css=\u00a0\u00bb.vc_custom_1622537100478{padding-top: 150px !important;padding-bottom: 150px [&hellip;]<\/p>\n","protected":false},"author":1,"featured_media":0,"parent":0,"menu_order":0,"comment_status":"closed","ping_status":"closed","template":"","meta":{"footnotes":""},"class_list":["post-6399","page","type-page","status-publish","hentry"],"_links":{"self":[{"href":"https:\/\/www.ctp.limo\/fr\/wp-json\/wp\/v2\/pages\/6399","targetHints":{"allow":["GET"]}}],"collection":[{"href":"https:\/\/www.ctp.limo\/fr\/wp-json\/wp\/v2\/pages"}],"about":[{"href":"https:\/\/www.ctp.limo\/fr\/wp-json\/wp\/v2\/types\/page"}],"author":[{"embeddable":true,"href":"https:\/\/www.ctp.limo\/fr\/wp-json\/wp\/v2\/users\/1"}],"replies":[{"embeddable":true,"href":"https:\/\/www.ctp.limo\/fr\/wp-json\/wp\/v2\/comments?post=6399"}],"version-history":[{"count":1,"href":"https:\/\/www.ctp.limo\/fr\/wp-json\/wp\/v2\/pages\/6399\/revisions"}],"predecessor-version":[{"id":11327,"href":"https:\/\/www.ctp.limo\/fr\/wp-json\/wp\/v2\/pages\/6399\/revisions\/11327"}],"wp:attachment":[{"href":"https:\/\/www.ctp.limo\/fr\/wp-json\/wp\/v2\/media?parent=6399"}],"curies":[{"name":"wp","href":"https:\/\/api.w.org\/{rel}","templated":true}]}}