{"id":6430,"date":"2021-06-12T15:40:39","date_gmt":"2021-06-12T12:40:39","guid":{"rendered":"https:\/\/www.ctp.limo\/business-class\/"},"modified":"2025-10-21T19:43:31","modified_gmt":"2025-10-21T17:43:31","slug":"business-class","status":"publish","type":"page","link":"https:\/\/www.ctp.limo\/fr\/business-class\/","title":{"rendered":"Business Class"},"content":{"rendered":"<div class=\"wpb-content-wrapper\"><p>[vc_row wrap_container=\u00a0\u00bbyes\u00a0\u00bb css=\u00a0\u00bb.vc_custom_1622052557501{padding-top: 75px !important;}\u00a0\u00bb][vc_column width=\u00a0\u00bb1\/6&Prime;][\/vc_column][vc_column width=\u00a0\u00bb2\/3&Prime;][vc_text_separator title=\u00a0\u00bbChez CTP votre temps est notre priorit\u00e9 !\u00a0\u00bb element=\u00a0\u00bbh2&Prime;][\/vc_column][vc_column width=\u00a0\u00bb1\/6&Prime;][\/vc_column][\/vc_row][vc_row row_title=\u00a0\u00bbKey Services\u00a0\u00bb conditional_render=\u00a0\u00bb%5B%7B%22value_role%22%3A%22administrator%22%7D%5D\u00a0\u00bb css_params=\u00a0\u00bb\u00a0\u00bb][vc_column][vc_empty_space height=\u00a0\u00bb50px\u00a0\u00bb css_params=\u00a0\u00bb\u00a0\u00bb]<div class=\"porto-block\" data-id=\"9948\"><style>.wpb_custom_1efe903570d178ff0a9b7bfa5febd3a4.porto-sicon-mobile{--porto-infobox-mpos-align: center;}<\/style>[vc_row wrap_container=\"yes\" conditional_render=\"%5B%7B%22value_role%22%3A%22administrator%22%7D%5D\" css_params=\"\"][vc_column offset=\"vc_col-md-4\" animation_type=\"fadeInUp\" conditional_render=\"%5B%7B%22value_role%22%3A%22administrator%22%7D%5D\" css_params=\"\"]<div class=\"porto-sicon-box  wpb_custom_1efe903570d178ff0a9b7bfa5febd3a4 style_1 left-icon\"><div class=\"porto-sicon-left\"><div class=\"porto-just-icon-wrapper porto-sicon-img  porto-icon-9f5d1cfb45d27d96b50bf473aebba227\" style=\"font-size: 35px;\"><img decoding=\"async\" class=\"img-icon\" alt=\"\" src=\"https:\/\/www.ctp.limo\/wp-content\/uploads\/2021\/05\/24-hours-support.png\" width=\"512\" height=\"512\" \/><\/div><\/div><div class=\"porto-sicon-body\"><div class=\"porto-sicon-header\"><h3 class=\"porto-sicon-title\" style=\"font-weight:700;line-height:15px;\">24\/7<\/h3><\/div> <!-- header --><div class=\"porto-sicon-description\" style=\"\">Notre service de transport vers la destination de votre choix est disponible 24 heures sur 24, tous les jours de l\u2019ann\u00e9e.<\/div> <!-- description --><\/div><\/div><!-- porto-sicon-box -->[\/vc_column][vc_column animation_delay=\"150\" offset=\"vc_col-md-4\" animation_type=\"fadeInUp\" conditional_render=\"%5B%7B%22value_role%22%3A%22administrator%22%7D%5D\" css_params=\"\"]<div class=\"porto-sicon-box  wpb_custom_1efe903570d178ff0a9b7bfa5febd3a4 style_1 left-icon\"><div class=\"porto-sicon-left\"><div class=\"porto-just-icon-wrapper porto-sicon-img  porto-icon-9f5d1cfb45d27d96b50bf473aebba227\" style=\"font-size: 35px;\"><img decoding=\"async\" class=\"img-icon\" alt=\"\" src=\"https:\/\/www.ctp.limo\/wp-content\/uploads\/2021\/05\/limousine.png\" width=\"512\" height=\"512\" \/><\/div><\/div><div class=\"porto-sicon-body\"><div class=\"porto-sicon-header\"><a class=\"porto-sicon-box-link\" href=\"https:\/\/www.ctp.limo\/fr\/le-prive-chauffer\/\"><h3 class=\"porto-sicon-title\" style=\"font-weight:700;line-height:15px;\">S\u00e9lection de V\u00e9hicule<\/h3><\/a><\/div> <!-- header --><div class=\"porto-sicon-description\" style=\"\">Notre entreprise met \u00e0 votre disposition le v\u00e9hicule et le chauffeur de confiance que vous avez choisis.<\/div> <!-- description --><\/div><\/div><!-- porto-sicon-box -->[\/vc_column][vc_column animation_delay=\"300\" offset=\"vc_col-md-4\" animation_type=\"fadeInUp\" conditional_render=\"%5B%7B%22value_role%22%3A%22administrator%22%7D%5D\" css_params=\"\"]<div class=\"porto-sicon-box  wpb_custom_1efe903570d178ff0a9b7bfa5febd3a4 style_1 left-icon\"><div class=\"porto-sicon-left\"><div class=\"porto-just-icon-wrapper porto-sicon-img  porto-icon-9f5d1cfb45d27d96b50bf473aebba227\" style=\"font-size: 35px;\"><img decoding=\"async\" class=\"img-icon\" alt=\"\" src=\"https:\/\/www.ctp.limo\/wp-content\/uploads\/2021\/05\/tag.png\" width=\"512\" height=\"512\" \/><\/div><\/div><div class=\"porto-sicon-body\"><div class=\"porto-sicon-header\"><h3 class=\"porto-sicon-title\" style=\"font-weight:700;line-height:15px;\">Prix Fixe<\/h3><\/div> <!-- header --><div class=\"porto-sicon-description\" style=\"\">Prix fixe ind\u00e9pendamment de toute modification des horaires pouvant survenir.<\/div> <!-- description --><\/div><\/div><!-- porto-sicon-box -->[\/vc_column][\/vc_row]<\/div>[vc_empty_space height=\u00a0\u00bb50px\u00a0\u00bb css_params=\u00a0\u00bb\u00a0\u00bb][\/vc_column][\/vc_row][vc_row no_padding=\u00a0\u00bbyes\u00a0\u00bb css=\u00a0\u00bb.vc_custom_1622294794187{background-color: #ececec !important;}\u00a0\u00bb][vc_column parallax=\u00a0\u00bbcontent-moving\u00a0\u00bb parallax_image=\u00a0\u00bb5348&Prime; parallax_speed_bg=\u00a0\u00bb2&Prime; width=\u00a0\u00bb1\/2&Prime; css=\u00a0\u00bb.vc_custom_1622661406526{padding-top: 150px !important;padding-bottom: 150px !important;}\u00a0\u00bb][\/vc_column][vc_column width=\u00a0\u00bb1\/2&Prime; css=\u00a0\u00bb.vc_custom_1621859223209{padding-top: 80px !important;padding-bottom: 60px !important;}\u00a0\u00bb el_class=\u00a0\u00bbcol-half-section pl-3 pr-3 pl-md-5 pr-md-0&Prime;][vc_column_text css_animation=\u00a0\u00bbfadeInUp\u00a0\u00bb el_class=\u00a0\u00bbfont-size-sm\u00a0\u00bb]Confiez-nous le transport de collaborateurs, clients, personnel ou cadres de votre entreprise de fa\u00e7on quotidienne, r\u00e9guli\u00e8re ou ponctuelle dans n&rsquo;importe quelle ville ou r\u00e9gion.<\/p>\n<blockquote><p>Notre coop\u00e9ration de longue date avec des h\u00f4tels 4 et 5 \u00e9toiles, des agences de voyage de renomm\u00e9e mondiale mais aussi avec des restaurants \u00e9toil\u00e9s au Guide Michelin, ainsi que nos chauffeurs parfaitement brief\u00e9s , vous garantissent la pr\u00e9paration et la r\u00e9alisation d&rsquo;un voyage d&rsquo;affaires inoubliable gr\u00e2ce \u00e0 notre service de \u00ab<strong>conciergerie<\/strong> \u00bb.<\/p><\/blockquote>\n<p>[\/vc_column_text][vc_btn title=\u00a0\u00bbBOOK ON-LINE\u00a0\u00bb style=\u00a0\u00bboutline\u00a0\u00bb shape=\u00a0\u00bbsquare\u00a0\u00bb color=\u00a0\u00bbwhite\u00a0\u00bb size=\u00a0\u00bbxl\u00a0\u00bb align=\u00a0\u00bbleft\u00a0\u00bb css=\u00a0\u00bb.vc_custom_1704287163383{padding-top: 20px !important;}\u00a0\u00bb skin=\u00a0\u00bbprimary\u00a0\u00bb btn_fw=\u00a0\u00bb700&Prime; link=\u00a0\u00bburl:https%3A%2F%2Fwww.ctp.limo%2Fbook-online%2F|title:BOOK%20NOW|target:_blank\u00a0\u00bb el_class=\u00a0\u00bbcustom-btn-style-2 text-color-dark font-weight-semibold\u00a0\u00bb][\/vc_column][\/vc_row][vc_row wrap_container=\u00a0\u00bbyes\u00a0\u00bb css=\u00a0\u00bb.vc_custom_1622053353177{padding-top: 85px !important;}\u00a0\u00bb][vc_column width=\u00a0\u00bb1\/6&Prime;][\/vc_column][vc_column width=\u00a0\u00bb2\/3&Prime;][vc_column_text css=\u00a0\u00bb\u00a0\u00bb css_params=\u00a0\u00bb\u00a0\u00bb]<\/p>\n<h2 style=\"text-align: center;\">Nos Services<\/h2>\n<p>[\/vc_column_text][\/vc_column][vc_column width=\u00a0\u00bb1\/6&Prime;][\/vc_column][\/vc_row][vc_row][vc_column][vc_empty_space][\/vc_column][\/vc_row][vc_row row_title=\u00a0\u00bbOur Services\u00a0\u00bb conditional_render=\u00a0\u00bb%5B%7B%22value_role%22%3A%22administrator%22%7D%5D\u00a0\u00bb css_params=\u00a0\u00bb\u00a0\u00bb][vc_column]<div class=\"porto-block\" data-id=\"9961\"><style>.wpb_custom_1efe903570d178ff0a9b7bfa5febd3a4.porto-sicon-mobile{--porto-infobox-mpos-align: center;}<\/style>[vc_row wrap_container=\"yes\" conditional_render=\"%5B%7B%22value_role%22%3A%22administrator%22%7D%5D\" css_params=\"\"][vc_column css_animation=\"none\" width=\"1\/3\" conditional_render=\"%5B%7B%22value_role%22%3A%22administrator%22%7D%5D\" css_params=\"\" animation_type=\"fadeInLeft\"]<div class=\"porto-sicon-box  wpb_custom_1efe903570d178ff0a9b7bfa5febd3a4 style_1 left-icon\"><div class=\"porto-sicon-left\"><div class=\"porto-just-icon-wrapper porto-sicon-img  porto-icon-9f5d1cfb45d27d96b50bf473aebba227\" style=\"font-size: 35px;\"><img decoding=\"async\" class=\"img-icon\" alt=\"\" src=\"https:\/\/www.ctp.limo\/wp-content\/uploads\/2021\/05\/seat1.png\" width=\"512\" height=\"512\" \/><\/div><\/div><div class=\"porto-sicon-body\"><div class=\"porto-sicon-header\"><h3 class=\"porto-sicon-title\" style=\"font-weight:700;line-height:15px;\">S\u00e9curit\u00e9 et Fiabilit\u00e9<\/h3><\/div> <!-- header --><div class=\"porto-sicon-description\" style=\"\">Avec un maximum de s\u00e9curit\u00e9, de fiabilit\u00e9 et de rapidit\u00e9, CTP assure le v\u00f4tre transport.<\/div> <!-- description --><\/div><\/div><!-- porto-sicon-box -->[\/vc_column][vc_column css_animation=\"none\" width=\"1\/3\" animation_delay=\"150\" conditional_render=\"%5B%7B%22value_role%22%3A%22administrator%22%7D%5D\" css_params=\"\" animation_type=\"fadeInLeft\"]<div class=\"porto-sicon-box  wpb_custom_1efe903570d178ff0a9b7bfa5febd3a4 style_1 left-icon\"><div class=\"porto-sicon-left\"><div class=\"porto-just-icon-wrapper porto-sicon-img  porto-icon-9f5d1cfb45d27d96b50bf473aebba227\" style=\"font-size: 35px;\"><img decoding=\"async\" class=\"img-icon\" alt=\"Shield divided into four quadrants, symbolizing protection or security.\" src=\"https:\/\/www.ctp.limo\/wp-content\/uploads\/2025\/07\/security.png\" width=\"512\" height=\"512\" \/><\/div><\/div><div class=\"porto-sicon-body\"><div class=\"porto-sicon-header\"><a class=\"porto-sicon-box-link\" href=\"https:\/\/www.ctp.limo\/fr\/securite-de-haut-niveau\/\"><h3 class=\"porto-sicon-title\" style=\"font-weight:700;line-height:15px;\">S\u00e9curit\u00e9 de haut niveau<\/h3><\/a><\/div> <!-- header --><div class=\"porto-sicon-description\" style=\"\">Des chauffeurs-garde du corps certifi\u00e9s et des v\u00e9hicules d\u2019escorte sont disponibles sur demande, garantissant votre s\u00e9curit\u00e9 absolue et une tranquillit\u00e9 d\u2019esprit totale.<\/div> <!-- description --><\/div><\/div><!-- porto-sicon-box -->[\/vc_column][vc_column width=\"1\/3\" animation_delay=\"300\" conditional_render=\"%5B%7B%22value_role%22%3A%22administrator%22%7D%5D\" css_params=\"\" animation_type=\"fadeInLeft\"]<div class=\"porto-sicon-box  wpb_custom_1efe903570d178ff0a9b7bfa5febd3a4 style_1 left-icon\"><div class=\"porto-sicon-left\"><div class=\"porto-just-icon-wrapper porto-sicon-img  porto-icon-9f5d1cfb45d27d96b50bf473aebba227\" style=\"font-size: 35px;\"><img decoding=\"async\" class=\"img-icon\" alt=\"\" src=\"https:\/\/www.ctp.limo\/wp-content\/uploads\/2021\/05\/investment.png\" width=\"512\" height=\"512\" \/><\/div><\/div><div class=\"porto-sicon-body\"><div class=\"porto-sicon-header\"><a class=\"porto-sicon-box-link\" href=\"https:\/\/www.ctp.limo\/fr\/premium-delivery\/\"><h3 class=\"porto-sicon-title\" style=\"font-weight:700;line-height:15px;\">Service de livraison premium<\/h3><\/a><\/div> <!-- header --><div class=\"porto-sicon-description\" style=\"\">CTP assure le transport \u2013 avec le chauffeur personnel de votre choix \u2013 d\u2019objets de valeur.<\/div> <!-- description --><\/div><\/div><!-- porto-sicon-box -->[\/vc_column][\/vc_row][vc_row wrap_container=\"yes\" conditional_render=\"%5B%7B%22value_role%22%3A%22administrator%22%7D%5D\" css_params=\"\"][vc_column css_animation=\"none\" width=\"1\/3\" animation_delay=\"300\" conditional_render=\"%5B%7B%22value_role%22%3A%22administrator%22%7D%5D\" css_params=\"\" animation_type=\"fadeInRight\"]<div class=\"porto-sicon-box  wpb_custom_1efe903570d178ff0a9b7bfa5febd3a4 style_1 left-icon\"><div class=\"porto-sicon-left\"><div class=\"porto-just-icon-wrapper porto-sicon-img  porto-icon-9f5d1cfb45d27d96b50bf473aebba227\" style=\"font-size: 35px;\"><img decoding=\"async\" class=\"img-icon\" alt=\"\" src=\"https:\/\/www.ctp.limo\/wp-content\/uploads\/2021\/05\/international-business.png\" width=\"512\" height=\"512\" \/><\/div><\/div><div class=\"porto-sicon-body\"><div class=\"porto-sicon-header\"><a class=\"porto-sicon-box-link\" href=\"https:\/\/www.ctp.limo\/fr\/business-class\/\"><h3 class=\"porto-sicon-title\" style=\"font-weight:700;line-height:15px;\">Business Class<\/h3><\/a><\/div> <!-- header --><div class=\"porto-sicon-description\" style=\"\">Confiez-nous le transport de collaborateurs, clients, personnel ou cadres de votre entreprise de fa\u00e7on quotidienne, r\u00e9guli\u00e8re ou ponctuelle.<\/div> <!-- description --><\/div><\/div><!-- porto-sicon-box -->[\/vc_column][vc_column css_animation=\"none\" width=\"1\/3\" animation_delay=\"150\" conditional_render=\"%5B%7B%22value_role%22%3A%22administrator%22%7D%5D\" css_params=\"\" animation_type=\"fadeInRight\"]<div class=\"porto-sicon-box  wpb_custom_1efe903570d178ff0a9b7bfa5febd3a4 style_1 left-icon\"><div class=\"porto-sicon-left\"><div class=\"porto-just-icon-wrapper porto-sicon-img  porto-icon-9f5d1cfb45d27d96b50bf473aebba227\" style=\"font-size: 35px;\"><img decoding=\"async\" class=\"img-icon\" alt=\"\" src=\"https:\/\/www.ctp.limo\/wp-content\/uploads\/2021\/05\/vip-card.png\" width=\"512\" height=\"512\" \/><\/div><\/div><div class=\"porto-sicon-body\"><div class=\"porto-sicon-header\"><a class=\"porto-sicon-box-link\" href=\"https:\/\/www.ctp.limo\/fr\/vip\/\"><h3 class=\"porto-sicon-title\" style=\"font-weight:700;line-height:15px;\">VIP<\/h3><\/a><\/div> <!-- header --><div class=\"porto-sicon-description\" style=\"\">\r\n<p data-start=\"82\" data-end=\"214\">CTP assure avec une discr\u00e9tion, une fiabilit\u00e9 et une s\u00e9curit\u00e9 absolues le transport, l'accompagnement et la protection.<\/p>\r\n<\/div> <!-- description --><\/div><\/div><!-- porto-sicon-box -->[\/vc_column][vc_column width=\"1\/3\" conditional_render=\"%5B%7B%22value_role%22%3A%22administrator%22%7D%5D\" css_params=\"\" animation_type=\"fadeInRight\"]<div class=\"porto-sicon-box  wpb_custom_1efe903570d178ff0a9b7bfa5febd3a4 style_1 left-icon\"><div class=\"porto-sicon-left\"><div class=\"porto-just-icon-wrapper porto-sicon-img  porto-icon-9f5d1cfb45d27d96b50bf473aebba227\" style=\"font-size: 35px;\"><img decoding=\"async\" class=\"img-icon\" alt=\"\" src=\"https:\/\/www.ctp.limo\/wp-content\/uploads\/2021\/05\/driver.png\" width=\"512\" height=\"512\" \/><\/div><\/div><div class=\"porto-sicon-body\"><div class=\"porto-sicon-header\"><a class=\"porto-sicon-box-link\" href=\"https:\/\/www.ctp.limo\/fr\/le-prive-chauffer\/\"><h3 class=\"porto-sicon-title\" style=\"font-weight:700;line-height:15px;\">Chauffeur Priv\u00e9<\/h3><\/a><\/div> <!-- header --><div class=\"porto-sicon-description\" style=\"\">\r\n<p data-start=\"97\" data-end=\"202\">Le service de chauffeur exclusif est la solution id\u00e9ale pour vos exigences et vos besoins personnels.<\/p>\r\n<\/div> <!-- description --><\/div><\/div><!-- porto-sicon-box -->[\/vc_column][\/vc_row][vc_row wrap_container=\"yes\" conditional_render=\"%5B%7B%22value_role%22%3A%22administrator%22%7D%5D\" css_params=\"\"][vc_column width=\"1\/3\" conditional_render=\"%5B%7B%22value_role%22%3A%22administrator%22%7D%5D\" css_params=\"\" animation_type=\"fadeInLeft\"]<div class=\"porto-sicon-box  wpb_custom_1efe903570d178ff0a9b7bfa5febd3a4 style_1 left-icon\"><div class=\"porto-sicon-left\"><div class=\"porto-just-icon-wrapper porto-sicon-img  porto-icon-9f5d1cfb45d27d96b50bf473aebba227\" style=\"font-size: 35px;\"><img decoding=\"async\" class=\"img-icon\" alt=\"\" src=\"https:\/\/www.ctp.limo\/wp-content\/uploads\/2021\/05\/airplane.png\" width=\"512\" height=\"512\" \/><\/div><\/div><div class=\"porto-sicon-body\"><div class=\"porto-sicon-header\"><a class=\"porto-sicon-box-link\" href=\"https:\/\/www.ctp.limo\/fr\/aeroports-et-gares\/\"><h3 class=\"porto-sicon-title\" style=\"font-weight:700;line-height:15px;\">A\u00e9roports<\/h3><\/a><\/div> <!-- header --><div class=\"porto-sicon-description\" style=\"\">Faites confiance \u00e0 CTP et \u00e0 nos chauffeurs pour vous emmener et ramener en toute s\u00e9curit\u00e9 des a\u00e9roports.<\/div> <!-- description --><\/div><\/div><!-- porto-sicon-box -->[\/vc_column][vc_column width=\"1\/3\" animation_delay=\"250\" conditional_render=\"%5B%7B%22value_role%22%3A%22administrator%22%7D%5D\" css_params=\"\" animation_type=\"fadeInLeft\"]<div class=\"porto-sicon-box  wpb_custom_1efe903570d178ff0a9b7bfa5febd3a4 style_1 left-icon\"><div class=\"porto-sicon-left\"><div class=\"porto-just-icon-wrapper porto-sicon-img  porto-icon-9f5d1cfb45d27d96b50bf473aebba227\" style=\"font-size: 35px;\"><img decoding=\"async\" class=\"img-icon\" alt=\"\" src=\"https:\/\/www.ctp.limo\/wp-content\/uploads\/2021\/05\/man.png\" width=\"512\" height=\"512\" \/><\/div><\/div><div class=\"porto-sicon-body\"><div class=\"porto-sicon-header\"><a class=\"porto-sicon-box-link\" href=\"https:\/\/www.ctp.limo\/fr\/aeroports-et-gares\/#welcomeagent\"><h3 class=\"porto-sicon-title\" style=\"font-weight:700;line-height:15px;\">Welcome Agent<\/h3><\/a><\/div> <!-- header --><div class=\"porto-sicon-description\" style=\"\">De plus, il est possible de b\u00e9n\u00e9ficier d\u2019une escorte sp\u00e9ciale (agent d\u2019accueil) directement depuis votre si\u00e8ge lors de l\u2019embarquement.<\/div> <!-- description --><\/div><\/div><!-- porto-sicon-box -->[\/vc_column][vc_column width=\"1\/3\" animation_delay=\"500\" conditional_render=\"%5B%7B%22value_role%22%3A%22administrator%22%7D%5D\" css_params=\"\" animation_type=\"fadeInLeft\"]<div class=\"porto-sicon-box  wpb_custom_1efe903570d178ff0a9b7bfa5febd3a4 style_1 left-icon\"><div class=\"porto-sicon-left\"><div class=\"porto-just-icon-wrapper porto-sicon-img  porto-icon-9f5d1cfb45d27d96b50bf473aebba227\" style=\"font-size: 35px;\"><img decoding=\"async\" class=\"img-icon\" alt=\"\" src=\"https:\/\/www.ctp.limo\/wp-content\/uploads\/2021\/05\/train.png\" width=\"512\" height=\"512\" \/><\/div><\/div><div class=\"porto-sicon-body\"><div class=\"porto-sicon-header\"><a class=\"porto-sicon-box-link\" href=\"https:\/\/www.ctp.limo\/fr\/aeroports-et-gares\/\"><h3 class=\"porto-sicon-title\" style=\"font-weight:700;line-height:15px;\">Gares<\/h3><\/a><\/div> <!-- header --><div class=\"porto-sicon-description\" style=\"\">Transport et retrait en toute s\u00e9curit\u00e9 dans les gares.<\/div> <!-- description --><\/div><\/div><!-- porto-sicon-box -->[\/vc_column][\/vc_row][vc_row wrap_container=\"yes\" conditional_render=\"%5B%7B%22value_role%22%3A%22administrator%22%7D%5D\" css_params=\"\"][vc_column width=\"1\/3\" animation_delay=\"500\" conditional_render=\"%5B%7B%22value_role%22%3A%22administrator%22%7D%5D\" css_params=\"\" animation_type=\"fadeInRight\"]<div class=\"porto-sicon-box  wpb_custom_1efe903570d178ff0a9b7bfa5febd3a4 style_1 left-icon\"><div class=\"porto-sicon-left\"><div class=\"porto-just-icon-wrapper porto-sicon-img  porto-icon-9f5d1cfb45d27d96b50bf473aebba227\" style=\"font-size: 35px;\"><img decoding=\"async\" class=\"img-icon\" alt=\"\" src=\"https:\/\/www.ctp.limo\/wp-content\/uploads\/2021\/05\/event.png\" width=\"512\" height=\"512\" \/><\/div><\/div><div class=\"porto-sicon-body\"><div class=\"porto-sicon-header\"><a class=\"porto-sicon-box-link\" href=\"https:\/\/www.ctp.limo\/fr\/evenementiel\/\"><h3 class=\"porto-sicon-title\" style=\"font-weight:700;line-height:15px;\">\u00c9v\u00e9nementiel<\/h3><\/a><\/div> <!-- header --><div class=\"porto-sicon-description\" style=\"\">Une \u00e9quipe sp\u00e9ciale du CTP \u00e9tudie votre programme, organise soigneusement le calendrier de vos d\u00e9placements.<\/div> <!-- description --><\/div><\/div><!-- porto-sicon-box -->[\/vc_column][vc_column width=\"1\/3\" animation_delay=\"250\" conditional_render=\"%5B%7B%22value_role%22%3A%22administrator%22%7D%5D\" css_params=\"\" animation_type=\"fadeInRight\"]<div class=\"porto-sicon-box  wpb_custom_1efe903570d178ff0a9b7bfa5febd3a4 style_1 left-icon\"><div class=\"porto-sicon-left\"><div class=\"porto-just-icon-wrapper porto-sicon-img  porto-icon-9f5d1cfb45d27d96b50bf473aebba227\" style=\"font-size: 35px;\"><img decoding=\"async\" class=\"img-icon\" alt=\"\" src=\"https:\/\/www.ctp.limo\/wp-content\/uploads\/2021\/05\/destination.png\" width=\"512\" height=\"512\" \/><\/div><\/div><div class=\"porto-sicon-body\"><div class=\"porto-sicon-header\"><a class=\"porto-sicon-box-link\" href=\"https:\/\/www.ctp.limo\/fr\/voyages-excursions-de-plaisance\/\"><h3 class=\"porto-sicon-title\" style=\"font-weight:700;line-height:15px;\">Voyages\/Excursions de Plaisance<\/h3><\/a><\/div> <!-- header --><div class=\"porto-sicon-description\" style=\"\">CTP peut proposer et organiser pour vous des excursions inoubliables dans toute la France et le reste de l'Europe.<\/div> <!-- description --><\/div><\/div><!-- porto-sicon-box -->[\/vc_column][vc_column width=\"1\/3\" conditional_render=\"%5B%7B%22value_role%22%3A%22administrator%22%7D%5D\" css_params=\"\" animation_type=\"fadeInRight\"]<div class=\"porto-sicon-box  wpb_custom_1efe903570d178ff0a9b7bfa5febd3a4 style_1 left-icon\"><div class=\"porto-sicon-left\"><div class=\"porto-just-icon-wrapper porto-sicon-img  porto-icon-9f5d1cfb45d27d96b50bf473aebba227\" style=\"font-size: 35px;\"><img decoding=\"async\" class=\"img-icon\" alt=\"\" src=\"https:\/\/www.ctp.limo\/wp-content\/uploads\/2021\/05\/guide.png\" width=\"512\" height=\"512\" \/><\/div><\/div><div class=\"porto-sicon-body\"><div class=\"porto-sicon-header\"><a class=\"porto-sicon-box-link\" href=\"https:\/\/www.ctp.limo\/fr\/voyages-excursions-de-plaisance\/#guide\"><h3 class=\"porto-sicon-title\" style=\"font-weight:700;line-height:15px;\">Tour Guide<\/h3><\/a><\/div> <!-- header --><div class=\"porto-sicon-description\" style=\"\">Fournir sur demande un guide dans votre langue maternelle pour vos visites.<\/div> <!-- description --><\/div><\/div><!-- porto-sicon-box -->[\/vc_column][\/vc_row]<\/div>[\/vc_column][\/vc_row][vc_row][vc_column][vc_empty_space height=\u00a0\u00bb85px\u00a0\u00bb css_params=\u00a0\u00bb\u00a0\u00bb][\/vc_column][\/vc_row][vc_row no_padding=\u00a0\u00bbyes\u00a0\u00bb css=\u00a0\u00bb.vc_custom_1624045330950{background-color: #111111 !important;}\u00a0\u00bb][vc_column parallax=\u00a0\u00bbcontent-moving\u00a0\u00bb parallax_image=\u00a0\u00bb4792&Prime; width=\u00a0\u00bb1\/2&Prime; css=\u00a0\u00bb.vc_custom_1622210726185{padding-top: 150px !important;padding-bottom: 150px !important;}\u00a0\u00bb][\/vc_column][vc_column width=\u00a0\u00bb1\/2&Prime; css=\u00a0\u00bb.vc_custom_1624049540202{padding-top: 80px !important;}\u00a0\u00bb][vc_column_text css=\u00a0\u00bb.vc_custom_1725111523858{padding-right: 20px !important;padding-left: 20px !important;}\u00a0\u00bb]<\/p>\n<p style=\"text-align: center;\"><span style=\"color: #ffffff; font-size: 28px; line-height: 1.4;\"> BOOK ONLINE<\/span><\/p>\n<p>[\/vc_column_text][vc_raw_html css=\u00a0\u00bb.vc_custom_1725111445607{padding-top: 50px !important;padding-right: 30px !important;padding-bottom: 40px !important;padding-left: 30px !important;}\u00a0\u00bb]JTNDc2NyaXB0JTIwc3JjJTNEJTIyaHR0cHMlM0ElMkYlMkZzcC5saW1vY29ubmVjdDI0Ny5uZXQlMkZ3ZWJib29raW5ncyUyRmFzc2V0cyUyRmpzJTJGbGlicyUyRmJvb2tpbmdzLWZyYW1lLWxvYWRlci5qcyUyMiUyMGRhdGEtdXJsJTNEJTIyaHR0cHMlM0ElMkYlMkZzcC5saW1vY29ubmVjdDI0Ny5uZXQlMkZ3ZWJib29raW5ncyUyRiUyM2Jvb2tpbmclMkZhMjFjNGZkODFiNWI0OWFkYjEwODg2YzRkZjkyZjUwMyUyMiUzRSUzQyUyRnNjcmlwdCUzRQ==[\/vc_raw_html][vc_column_text css=\u00a0\u00bb.vc_custom_1725111470679{padding-right: 20px !important;padding-left: 20px !important;}\u00a0\u00bb]<\/p>\n<p style=\"text-align: center;\"><span style=\"color: #ffffff; font-size: 12px; line-height: 1.4;\">Secure Online payment<br \/>\nWith our secure online payment you can book with confidence.<br \/>\n<\/span><\/p>\n<p>[\/vc_column_text][\/vc_column][\/vc_row]<\/p>\n<\/div>","protected":false},"excerpt":{"rendered":"<p>[vc_row wrap_container=\u00a0\u00bbyes\u00a0\u00bb css=\u00a0\u00bb.vc_custom_1622052557501{padding-top: 75px !important;}\u00a0\u00bb][vc_column width=\u00a0\u00bb1\/6&Prime;][\/vc_column][vc_column width=\u00a0\u00bb2\/3&Prime;][vc_text_separator title=\u00a0\u00bbChez CTP votre temps est notre priorit\u00e9 !\u00a0\u00bb element=\u00a0\u00bbh2&Prime;][\/vc_column][vc_column width=\u00a0\u00bb1\/6&Prime;][\/vc_column][\/vc_row][vc_row row_title=\u00a0\u00bbKey Services\u00a0\u00bb conditional_render=\u00a0\u00bb%5B%7B%22value_role%22%3A%22administrator%22%7D%5D\u00a0\u00bb css_params=\u00a0\u00bb\u00a0\u00bb][vc_column][vc_empty_space height=\u00a0\u00bb50px\u00a0\u00bb css_params=\u00a0\u00bb\u00a0\u00bb][vc_empty_space height=\u00a0\u00bb50px\u00a0\u00bb css_params=\u00a0\u00bb\u00a0\u00bb][\/vc_column][\/vc_row][vc_row no_padding=\u00a0\u00bbyes\u00a0\u00bb css=\u00a0\u00bb.vc_custom_1622294794187{background-color: #ececec !important;}\u00a0\u00bb][vc_column parallax=\u00a0\u00bbcontent-moving\u00a0\u00bb parallax_image=\u00a0\u00bb5348&Prime; parallax_speed_bg=\u00a0\u00bb2&Prime; width=\u00a0\u00bb1\/2&Prime; css=\u00a0\u00bb.vc_custom_1622661406526{padding-top: 150px !important;padding-bottom: 150px !important;}\u00a0\u00bb][\/vc_column][vc_column width=\u00a0\u00bb1\/2&Prime; css=\u00a0\u00bb.vc_custom_1621859223209{padding-top: 80px !important;padding-bottom: 60px !important;}\u00a0\u00bb el_class=\u00a0\u00bbcol-half-section pl-3 pr-3 pl-md-5 pr-md-0&Prime;][vc_column_text css_animation=\u00a0\u00bbfadeInUp\u00a0\u00bb el_class=\u00a0\u00bbfont-size-sm\u00a0\u00bb]Confiez-nous le transport de collaborateurs, [&hellip;]<\/p>\n","protected":false},"author":1,"featured_media":0,"parent":0,"menu_order":0,"comment_status":"closed","ping_status":"closed","template":"","meta":{"footnotes":""},"class_list":["post-6430","page","type-page","status-publish","hentry"],"_links":{"self":[{"href":"https:\/\/www.ctp.limo\/fr\/wp-json\/wp\/v2\/pages\/6430","targetHints":{"allow":["GET"]}}],"collection":[{"href":"https:\/\/www.ctp.limo\/fr\/wp-json\/wp\/v2\/pages"}],"about":[{"href":"https:\/\/www.ctp.limo\/fr\/wp-json\/wp\/v2\/types\/page"}],"author":[{"embeddable":true,"href":"https:\/\/www.ctp.limo\/fr\/wp-json\/wp\/v2\/users\/1"}],"replies":[{"embeddable":true,"href":"https:\/\/www.ctp.limo\/fr\/wp-json\/wp\/v2\/comments?post=6430"}],"version-history":[{"count":2,"href":"https:\/\/www.ctp.limo\/fr\/wp-json\/wp\/v2\/pages\/6430\/revisions"}],"predecessor-version":[{"id":11425,"href":"https:\/\/www.ctp.limo\/fr\/wp-json\/wp\/v2\/pages\/6430\/revisions\/11425"}],"wp:attachment":[{"href":"https:\/\/www.ctp.limo\/fr\/wp-json\/wp\/v2\/media?parent=6430"}],"curies":[{"name":"wp","href":"https:\/\/api.w.org\/{rel}","templated":true}]}}