{"id":8246,"date":"2025-04-15T11:47:59","date_gmt":"2025-04-15T09:47:59","guid":{"rendered":"https:\/\/www.ctp.limo\/notre-flotte-2\/"},"modified":"2025-10-21T19:59:21","modified_gmt":"2025-10-21T17:59:21","slug":"notre-flotte","status":"publish","type":"page","link":"https:\/\/www.ctp.limo\/fr\/notre-flotte\/","title":{"rendered":"Notre Flotte"},"content":{"rendered":"<div class=\"wpb-content-wrapper\"><p>[vc_row wrap_container=\u00a0\u00bbyes\u00a0\u00bb css=\u00a0\u00bb.vc_custom_1622448682143{padding-top: 75px !important;padding-bottom: 15px !important;}\u00a0\u00bb][vc_column width=\u00a0\u00bb1\/6&Prime;][\/vc_column][vc_column width=\u00a0\u00bb2\/3&Prime;][vc_text_separator title=\u00a0\u00bbNous vous conduisons partout avec style et confort !\u00a0\u00bb css=\u00a0\u00bb\u00a0\u00bb element=\u00a0\u00bbh2&Prime; css_params=\u00a0\u00bb\u00a0\u00bb el_class=\u00a0\u00bbtext-center\u00a0\u00bb][\/vc_column][vc_column width=\u00a0\u00bb1\/6&Prime;][\/vc_column][\/vc_row][vc_row wrap_container=\u00a0\u00bbyes\u00a0\u00bb is_section=\u00a0\u00bbyes\u00a0\u00bb section_skin=\u00a0\u00bbparallax\u00a0\u00bb remove_margin_top=\u00a0\u00bbyes\u00a0\u00bb remove_margin_bottom=\u00a0\u00bbyes\u00a0\u00bb remove_border=\u00a0\u00bbyes\u00a0\u00bb el_class=\u00a0\u00bbp-t-xxl row-align-items-center\u00a0\u00bb][vc_column offset=\u00a0\u00bbvc_col-md-6&Prime; el_class=\u00a0\u00bbpr-lg-5 mb-sm-5 mb-lg-0&Prime;][vc_column_text css=\u00a0\u00bb\u00a0\u00bb css_params=\u00a0\u00bb\u00a0\u00bb]<span data-sheets-root=\"1\">La principale priorit\u00e9 de notre soci\u00e9t\u00e9 est que le luxe de nos services r\u00e9ponde aux exigences \u00e9lev\u00e9es de vos souhaits de d\u00e9placements en mati\u00e8re de design, de s\u00e9curit\u00e9 et de fiabilit\u00e9.<\/span><\/p>\n<p>C&rsquo;est pourquoi nous mettons \u00e0 votre disposition les meilleurs v\u00e9hicules MERCEDES-BENZ en vous permettant de choisir le mod\u00e8le qui corresponde \u00e0 vos besoins. Tous les espaces de la cabine passagers, outre les standards \u00e9lev\u00e9s qu&rsquo;ils offrent (fauteuils en cuir, climatisation individuelle, internet wifi, Bluetooth, prises USB, bornes de recharge pour appareils \u00e9lectroniques, moniteur, vitres doublement teint\u00e9es) peuvent \u00eatre configur\u00e9s sur demande pour r\u00e9pondre \u00e0 vos besoins individuels.<\/p>\n<p>Qualit\u00e9 et fiabilit\u00e9 exceptionnelles sont les caract\u00e9ristiques de notre flotte. Nos chauffeurs professionnels hautement qualifi\u00e9s et fiables, sont la principale garantie de la qualit\u00e9 de nos services, outre la s\u00e9curit\u00e9 offerte par nos v\u00e9hicules.[\/vc_column_text][\/vc_column][vc_column width=\u00a0\u00bb1\/2&Prime; offset=\u00a0\u00bbvc_col-md-offset-2 vc_col-md-4 vc_col-sm-offset-4&Prime; el_class=\u00a0\u00bbcol-sm-8 offset-sm-5 mt-sm-5 pt-sm-5&Prime;][vc_single_image image=\u00a0\u00bb6357&Prime; img_size=\u00a0\u00bbfull\u00a0\u00bb css=\u00a0\u00bb.vc_custom_1621945954383{margin-top: 10% !important;margin-left: -54% !important;}\u00a0\u00bb animation_delay=\u00a0\u00bb300&Prime; css_animation=\u00a0\u00bbnone\u00a0\u00bb el_class=\u00a0\u00bbposition-absolute d-none d-sm-block\u00a0\u00bb animation_type=\u00a0\u00bbzoomIn\u00a0\u00bb][vc_single_image image=\u00a0\u00bb4441&Prime; img_size=\u00a0\u00bbfull\u00a0\u00bb css=\u00a0\u00bb.vc_custom_1621945841921{margin-top: -26% !important;margin-left: -33% !important;}\u00a0\u00bb animation_delay=\u00a0\u00bb100&Prime; el_class=\u00a0\u00bbposition-absolute d-none d-sm-block\u00a0\u00bb animation_type=\u00a0\u00bbzoomIn\u00a0\u00bb][vc_single_image image=\u00a0\u00bb6360&Prime; img_size=\u00a0\u00bbfull\u00a0\u00bb animation_delay=\u00a0\u00bb600&Prime; el_class=\u00a0\u00bbposition-relative mb-0&Prime; animation_type=\u00a0\u00bbzoomIn\u00a0\u00bb][\/vc_column][\/vc_row][vc_row wrap_container=\u00a0\u00bbyes\u00a0\u00bb css=\u00a0\u00bb.vc_custom_1621942806692{margin-top: -50px !important;}\u00a0\u00bb][vc_column][vc_column_text css=\u00a0\u00bb\u00a0\u00bb css_params=\u00a0\u00bb\u00a0\u00bb]<span data-sheets-root=\"1\">Leurs longues ann\u00e9es d&rsquo;exp\u00e9rience combin\u00e9es \u00e0 leurs comp\u00e9tences personnelles, leur disponibilit\u00e9, leurs r\u00e9flexes certifi\u00e9s dans diff\u00e9rentes conditions de conduite, leur courtoisie, leur discr\u00e9tion et leurs comp\u00e9tences linguistiques (fran\u00e7ais, anglais, grec) garantissent un service client optimal en termes de confort, de s\u00e9curit\u00e9, de protection personnelle, de gain de temps pr\u00e9cieux et de plaisir de voyager.<\/span>[\/vc_column_text][vc_empty_space height=\u00a0\u00bb55px\u00a0\u00bb][\/vc_column][\/vc_row][vc_row full_width_css=\u00a0\u00bbstretch_row_content_css\u00a0\u00bb wrap_container=\u00a0\u00bbyes\u00a0\u00bb is_section=\u00a0\u00bbyes\u00a0\u00bb remove_margin_top=\u00a0\u00bbyes\u00a0\u00bb remove_margin_bottom=\u00a0\u00bbyes\u00a0\u00bb remove_border=\u00a0\u00bbyes\u00a0\u00bb conditional_render=\u00a0\u00bb%5B%7B%22value_role%22%3A%22administrator%22%7D%5D\u00a0\u00bb css_params=\u00a0\u00bb\u00a0\u00bb][vc_column]<div class=\"porto-u-heading  wpb_custom_95aa9a11c17ad45cfabaf210d84ee7cc porto-u-55ca8359258f9a412be7e73af65d2aac \"><div class=\"porto-u-main-heading\"><h2  >Notre Flotte<\/h2><\/div><style>.porto-u-55ca8359258f9a412be7e73af65d2aac.porto-u-heading{text-align:center}<\/style><\/div>[vc_empty_space height=\u00a0\u00bb65px\u00a0\u00bb][\/vc_column][vc_column width=\u00a0\u00bb1\/3&Prime;][vc_column_text]<\/p>\n<p style=\"text-align: center;\"><strong>E-Class<\/strong><\/p>\n<p>\u00a0[\/vc_column_text][vc_empty_space height=\u00a0\u00bb7px\u00a0\u00bb][vc_single_image image=\u00a0\u00bb6345&Prime; img_size=\u00a0\u00bbfull\u00a0\u00bb][vc_empty_space height=\u00a0\u00bb7px\u00a0\u00bb][vc_separator css=\u00a0\u00bb.vc_custom_1621927818830{margin-top: -25px !important;}\u00a0\u00bb style=\u00a0\u00bbsolid\u00a0\u00bb][vc_raw_html css=\u00a0\u00bb\u00a0\u00bb css_params=\u00a0\u00bb\u00a0\u00bb]PHRhYmxlIHN0eWxlPSJ3aWR0aDogMTAwJTsiPg0KPHRib2R5Pg0KPHRyPg0KPHRkPjxpIGNsYXNzPSJwb3J0by1pY29uLXVzZXIiPjwvaT48c3BhbiBkYXRhLXNoZWV0cy1yb290PSIxIj5QYXNzYWdlcnM8L3NwYW4+PC90ZD4NCjx0ZCBzdHlsZT0idGV4dC1hbGlnbjogcmlnaHQ7Ij4zPC90ZD4NCjwvdHI+DQo8dHI+DQo8dGQ+PGkgY2xhc3M9InBvcnRvLWljb24tYmFnLTEiPjwvaT48c3BhbiBkYXRhLXNoZWV0cy1yb290PSIxIj5CYWdhZ2U8L3NwYW4+PC90ZD4NCjx0ZCBzdHlsZT0idGV4dC1hbGlnbjogcmlnaHQ7Ij4zPC90ZD4NCjwvdHI+DQo8dHI+DQo8dGQ+PGkgY2xhc3M9ImZhYiBmYS1ibHVldG9vdGgtYiI+PC9pPiBCbHVldG9vdGg8L3RkPg0KPHRkIHN0eWxlPSJ0ZXh0LWFsaWduOiByaWdodDsiPjwvdGQ+DQo8L3RyPg0KPHRyPg0KPHRkPjxpIGNsYXNzPSJmYXMgZmEtd2lmaSI+PC9pPiBXaUZpPC90ZD4NCjx0ZCBzdHlsZT0idGV4dC1hbGlnbjogcmlnaHQ7Ij48L3RkPg0KPC90cj4NCjx0cj4NCjx0ZD48aSBjbGFzcz0iZmFiIGZhLXVzYiI+PC9pPiBVU0I8L3RkPg0KPHRkIHN0eWxlPSJ0ZXh0LWFsaWduOiByaWdodDsiPjwvdGQ+DQo8L3RyPg0KPC90Ym9keT4NCjwvdGFibGU+PGJyPjxkaXYgaWQ9Imd0eC10cmFucyIgc3R5bGU9InBvc2l0aW9uOiBhYnNvbHV0ZTsgbGVmdDogMzdweDsgdG9wOiA2NnB4OyI+DQo8ZGl2IGNsYXNzPSJndHgtdHJhbnMtaWNvbiI+PC9kaXY+PGJyPjwvZGl2Pg==[\/vc_raw_html][vc_btn title=\u00a0\u00bbOBTENIR UN DEVIS\u00a0\u00bb style=\u00a0\u00bboutline\u00a0\u00bb shape=\u00a0\u00bbsquare\u00a0\u00bb color=\u00a0\u00bbwhite\u00a0\u00bb size=\u00a0\u00bbxl\u00a0\u00bb align=\u00a0\u00bbcenter\u00a0\u00bb css=\u00a0\u00bb.vc_custom_1750078975191{padding-top: 15px !important;}\u00a0\u00bb skin=\u00a0\u00bbprimary\u00a0\u00bb btn_fw=\u00a0\u00bb700&Prime; button_block=\u00a0\u00bbtrue\u00a0\u00bb link=\u00a0\u00bburl:https%3A%2F%2Fwww.ctp.limo%2Ffr%2Fget-a-quote%2F|title:R%C3%A9servations\u00a0\u00bb el_class=\u00a0\u00bbcustom-btn-style-2 text-color-dark font-weight-semibold\u00a0\u00bb css_params=\u00a0\u00bb\u00a0\u00bb][\/vc_column][vc_column width=\u00a0\u00bb1\/3&Prime;][vc_column_text]<\/p>\n<p style=\"text-align: center;\"><strong>S-Class<\/strong><\/p>\n<p>\u00a0[\/vc_column_text][vc_empty_space height=\u00a0\u00bb7px\u00a0\u00bb][vc_single_image image=\u00a0\u00bb5505&Prime; img_size=\u00a0\u00bbfull\u00a0\u00bb][vc_empty_space height=\u00a0\u00bb7px\u00a0\u00bb][vc_separator css=\u00a0\u00bb.vc_custom_1621927818830{margin-top: -25px !important;}\u00a0\u00bb style=\u00a0\u00bbsolid\u00a0\u00bb][vc_raw_html css=\u00a0\u00bb\u00a0\u00bb css_params=\u00a0\u00bb\u00a0\u00bb]PHRhYmxlIHN0eWxlPSJ3aWR0aDogMTAwJTsiPg0KPHRib2R5Pg0KPHRyPg0KPHRkPjxpIGNsYXNzPSJwb3J0by1pY29uLXVzZXIiPjwvaT48c3BhbiBkYXRhLXNoZWV0cy1yb290PSIxIj5QYXNzYWdlcnM8L3NwYW4+PC90ZD4NCjx0ZCBzdHlsZT0idGV4dC1hbGlnbjogcmlnaHQ7Ij4yPC90ZD4NCjwvdHI+DQo8dHI+DQo8dGQ+PGkgY2xhc3M9InBvcnRvLWljb24tYmFnLTEiPjwvaT48c3BhbiBkYXRhLXNoZWV0cy1yb290PSIxIj5CYWdhZ2U8L3NwYW4+PC90ZD4NCjx0ZCBzdHlsZT0idGV4dC1hbGlnbjogcmlnaHQ7Ij4yPC90ZD4NCjwvdHI+DQo8dHI+DQo8dGQ+PGkgY2xhc3M9ImZhYiBmYS1ibHVldG9vdGgtYiI+PC9pPiBCbHVldG9vdGg8L3RkPg0KPHRkIHN0eWxlPSJ0ZXh0LWFsaWduOiByaWdodDsiPjwvdGQ+DQo8L3RyPg0KPHRyPg0KPHRkPjxpIGNsYXNzPSJmYXMgZmEtd2lmaSI+PC9pPiBXaUZpPC90ZD4NCjx0ZCBzdHlsZT0idGV4dC1hbGlnbjogcmlnaHQ7Ij48L3RkPg0KPC90cj4NCjx0cj4NCjx0ZD48aSBjbGFzcz0iZmFiIGZhLXVzYiI+PC9pPiBVU0I8L3RkPg0KPHRkIHN0eWxlPSJ0ZXh0LWFsaWduOiByaWdodDsiPjwvdGQ+DQo8L3RyPg0KPC90Ym9keT4NCjwvdGFibGU+PGJyPjxkaXYgaWQ9Imd0eC10cmFucyIgc3R5bGU9InBvc2l0aW9uOiBhYnNvbHV0ZTsgbGVmdDogMzJweDsgdG9wOiA2NnB4OyI+DQo8ZGl2IGNsYXNzPSJndHgtdHJhbnMtaWNvbiI+PC9kaXY+PGJyPjwvZGl2Pg==[\/vc_raw_html][vc_btn title=\u00a0\u00bbOBTENIR UN DEVIS\u00a0\u00bb style=\u00a0\u00bboutline\u00a0\u00bb shape=\u00a0\u00bbsquare\u00a0\u00bb color=\u00a0\u00bbwhite\u00a0\u00bb size=\u00a0\u00bbxl\u00a0\u00bb align=\u00a0\u00bbcenter\u00a0\u00bb css=\u00a0\u00bb.vc_custom_1750078990923{padding-top: 15px !important;}\u00a0\u00bb skin=\u00a0\u00bbprimary\u00a0\u00bb btn_fw=\u00a0\u00bb700&Prime; button_block=\u00a0\u00bbtrue\u00a0\u00bb link=\u00a0\u00bburl:https%3A%2F%2Fwww.ctp.limo%2Ffr%2Fget-a-quote%2F|title:R%C3%A9servations\u00a0\u00bb el_class=\u00a0\u00bbcustom-btn-style-2 text-color-dark font-weight-semibold\u00a0\u00bb css_params=\u00a0\u00bb\u00a0\u00bb][\/vc_column][vc_column width=\u00a0\u00bb1\/3&Prime;][vc_column_text]<\/p>\n<p style=\"text-align: center;\"><strong>V-Class<\/strong><\/p>\n<p>\u00a0[\/vc_column_text][vc_empty_space height=\u00a0\u00bb7px\u00a0\u00bb][vc_single_image image=\u00a0\u00bb5506&Prime; img_size=\u00a0\u00bbfull\u00a0\u00bb][vc_empty_space height=\u00a0\u00bb7px\u00a0\u00bb][vc_separator css=\u00a0\u00bb.vc_custom_1621927818830{margin-top: -25px !important;}\u00a0\u00bb style=\u00a0\u00bbsolid\u00a0\u00bb][vc_raw_html css=\u00a0\u00bb\u00a0\u00bb css_params=\u00a0\u00bb\u00a0\u00bb]PHRhYmxlIHN0eWxlPSJ3aWR0aDogMTAwJTsiPg0KPHRib2R5Pg0KPHRyPg0KPHRkPjxpIGNsYXNzPSJwb3J0by1pY29uLXVzZXIiPjwvaT48c3BhbiBkYXRhLXNoZWV0cy1yb290PSIxIj5QYXNzYWdlcnM8L3NwYW4+PC90ZD4NCjx0ZCBzdHlsZT0idGV4dC1hbGlnbjogcmlnaHQ7Ij42PC90ZD4NCjwvdHI+DQo8dHI+DQo8dGQ+PGkgY2xhc3M9InBvcnRvLWljb24tYmFnLTEiPjwvaT48c3BhbiBkYXRhLXNoZWV0cy1yb290PSIxIj5CYWdhZ2U8L3NwYW4+PC90ZD4NCjx0ZCBzdHlsZT0idGV4dC1hbGlnbjogcmlnaHQ7Ij42PC90ZD4NCjwvdHI+DQo8dHI+DQo8dGQ+PGkgY2xhc3M9ImZhYiBmYS1ibHVldG9vdGgtYiI+PC9pPiBCbHVldG9vdGg8L3RkPg0KPHRkIHN0eWxlPSJ0ZXh0LWFsaWduOiByaWdodDsiPjwvdGQ+DQo8L3RyPg0KPHRyPg0KPHRkPjxpIGNsYXNzPSJmYXMgZmEtd2lmaSI+PC9pPiBXaUZpPC90ZD4NCjx0ZCBzdHlsZT0idGV4dC1hbGlnbjogcmlnaHQ7Ij48L3RkPg0KPC90cj4NCjx0cj4NCjx0ZD48aSBjbGFzcz0iZmFiIGZhLXVzYiI+PC9pPiBVU0I8L3RkPg0KPHRkIHN0eWxlPSJ0ZXh0LWFsaWduOiByaWdodDsiPjwvdGQ+DQo8L3RyPg0KPC90Ym9keT4NCjwvdGFibGU+PGJyPjxkaXYgaWQ9Imd0eC10cmFucyIgc3R5bGU9InBvc2l0aW9uOiBhYnNvbHV0ZTsgbGVmdDogNDRweDsgdG9wOiAxOHB4OyI+DQo8ZGl2IGNsYXNzPSJndHgtdHJhbnMtaWNvbiI+PC9kaXY+PGJyPjwvZGl2Pg==[\/vc_raw_html][vc_btn title=\u00a0\u00bbOBTENIR UN DEVIS\u00a0\u00bb style=\u00a0\u00bboutline\u00a0\u00bb shape=\u00a0\u00bbsquare\u00a0\u00bb color=\u00a0\u00bbwhite\u00a0\u00bb size=\u00a0\u00bbxl\u00a0\u00bb align=\u00a0\u00bbcenter\u00a0\u00bb css=\u00a0\u00bb.vc_custom_1750079009509{padding-top: 15px !important;}\u00a0\u00bb skin=\u00a0\u00bbprimary\u00a0\u00bb btn_fw=\u00a0\u00bb700&Prime; button_block=\u00a0\u00bbtrue\u00a0\u00bb link=\u00a0\u00bburl:https%3A%2F%2Fwww.ctp.limo%2Ffr%2Fget-a-quote%2F|title:R%C3%A9servations\u00a0\u00bb el_class=\u00a0\u00bbcustom-btn-style-2 text-color-dark font-weight-semibold\u00a0\u00bb css_params=\u00a0\u00bb\u00a0\u00bb][\/vc_column][\/vc_row][vc_row][vc_column][vc_empty_space height=\u00a0\u00bb65px\u00a0\u00bb][\/vc_column][\/vc_row][vc_row wrap_container=\u00a0\u00bbyes\u00a0\u00bb css=\u00a0\u00bb.vc_custom_1622446950615{padding-top: 35px !important;}\u00a0\u00bb][vc_column offset=\u00a0\u00bbvc_col-md-4&Prime; animation_type=\u00a0\u00bbfadeInLeft\u00a0\u00bb]<div class=\"porto-sicon-box  wpb_custom_1efe903570d178ff0a9b7bfa5febd3a4 style_1 left-icon\"><div class=\"porto-sicon-left\"><div class=\"porto-just-icon-wrapper porto-sicon-img  porto-icon-9f5d1cfb45d27d96b50bf473aebba227\" style=\"font-size: 35px;\"><img decoding=\"async\" class=\"img-icon\" alt=\"\" src=\"https:\/\/www.ctp.limo\/wp-content\/uploads\/2021\/05\/driver.png\" width=\"512\" height=\"512\" \/><\/div><\/div><div class=\"porto-sicon-body\"><div class=\"porto-sicon-header\"><a class=\"porto-sicon-box-link\" href=\"https:\/\/ctp.limo\/dedicated-chauffeur\/\"><h3 class=\"porto-sicon-title\" style=\"font-weight:700;line-height:15px;\">Chauffeur Priv\u00e9<\/h3><\/a><\/div> <!-- header --><div class=\"porto-sicon-description\" style=\"\">Le service de chauffeur exclusif est la solution id\u00e9ale pour vos exigences et vos besoins personnels \u2026<\/div> <!-- description --><\/div><\/div><!-- porto-sicon-box --><div class=\"porto-sicon-box  wpb_custom_1efe903570d178ff0a9b7bfa5febd3a4 style_1 left-icon\"><div class=\"porto-sicon-left\"><div class=\"porto-just-icon-wrapper porto-sicon-img  porto-icon-9f5d1cfb45d27d96b50bf473aebba227\" style=\"font-size: 35px;\"><img decoding=\"async\" class=\"img-icon\" alt=\"\" src=\"https:\/\/www.ctp.limo\/wp-content\/uploads\/2021\/05\/international-business.png\" width=\"512\" height=\"512\" \/><\/div><\/div><div class=\"porto-sicon-body\"><div class=\"porto-sicon-header\"><a class=\"porto-sicon-box-link\" href=\"https:\/\/ctp.limo\/business-class\/\"><h3 class=\"porto-sicon-title\" style=\"font-weight:700;line-height:15px;\">Business Class<\/h3><\/a><\/div> <!-- header --><div class=\"porto-sicon-description\" style=\"\">Confiez-nous le transport de collaborateurs, clients, personnel ou cadres de votre entreprise de fa\u00e7on quotidienne, r\u00e9guli\u00e8re ou ponctuelle\u2026<\/div> <!-- description --><\/div><\/div><!-- porto-sicon-box -->[\/vc_column][vc_column animation_delay=\u00a0\u00bb200&Prime; offset=\u00a0\u00bbvc_col-md-4&Prime; animation_type=\u00a0\u00bbfadeInLeft\u00a0\u00bb]<div class=\"porto-sicon-box  wpb_custom_1efe903570d178ff0a9b7bfa5febd3a4 style_1 left-icon\"><div class=\"porto-sicon-left\"><div class=\"porto-just-icon-wrapper porto-sicon-img  porto-icon-9f5d1cfb45d27d96b50bf473aebba227\" style=\"font-size: 35px;\"><img decoding=\"async\" class=\"img-icon\" alt=\"\" src=\"https:\/\/www.ctp.limo\/wp-content\/uploads\/2021\/05\/limousine.png\" width=\"512\" height=\"512\" \/><\/div><\/div><div class=\"porto-sicon-body\"><div class=\"porto-sicon-header\"><a class=\"porto-sicon-box-link\" href=\"https:\/\/ctp.limo\/dedicated-chauffeur\/\"><h3 class=\"porto-sicon-title\" style=\"font-weight:700;line-height:15px;\">S\u00e9lection de Limousine<\/h3><\/a><\/div> <!-- header --><div class=\"porto-sicon-description\" style=\"\">Notre entreprise met \u00e0 votre disposition le v\u00e9hicule et le chauffeur de confiance que vous avez choisis.<\/div> <!-- description --><\/div><\/div><!-- porto-sicon-box --><div class=\"porto-sicon-box  wpb_custom_1efe903570d178ff0a9b7bfa5febd3a4 style_1 left-icon\"><div class=\"porto-sicon-left\"><div class=\"porto-just-icon-wrapper porto-sicon-img  porto-icon-9f5d1cfb45d27d96b50bf473aebba227\" style=\"font-size: 35px;\"><img decoding=\"async\" class=\"img-icon\" alt=\"\" src=\"https:\/\/www.ctp.limo\/wp-content\/uploads\/2021\/05\/man.png\" width=\"512\" height=\"512\" \/><\/div><\/div><div class=\"porto-sicon-body\"><div class=\"porto-sicon-header\"><a class=\"porto-sicon-box-link\" href=\"https:\/\/ctp.limo\/airports\/#welcomeagent\"><h3 class=\"porto-sicon-title\" style=\"font-weight:700;line-height:15px;\">Welcome Agent<\/h3><\/a><\/div> <!-- header --><div class=\"porto-sicon-description\" style=\"\">De plus, il est possible de b\u00e9n\u00e9ficier d\u2019une escorte sp\u00e9ciale (agent d\u2019accueil) directement depuis votre si\u00e8ge lors de l\u2019embarquement\u2026<\/div> <!-- description --><\/div><\/div><!-- porto-sicon-box -->[\/vc_column][vc_column animation_delay=\u00a0\u00bb400&Prime; offset=\u00a0\u00bbvc_col-md-4&Prime; animation_type=\u00a0\u00bbfadeInLeft\u00a0\u00bb]<div class=\"porto-sicon-box  wpb_custom_1efe903570d178ff0a9b7bfa5febd3a4 style_1 left-icon\"><div class=\"porto-sicon-left\"><div class=\"porto-just-icon-wrapper porto-sicon-img  porto-icon-9f5d1cfb45d27d96b50bf473aebba227\" style=\"font-size: 35px;\"><img decoding=\"async\" class=\"img-icon\" alt=\"\" src=\"https:\/\/www.ctp.limo\/wp-content\/uploads\/2021\/05\/airplane.png\" width=\"512\" height=\"512\" \/><\/div><\/div><div class=\"porto-sicon-body\"><div class=\"porto-sicon-header\"><a class=\"porto-sicon-box-link\" href=\"https:\/\/ctp.limo\/airports\/\"><h3 class=\"porto-sicon-title\" style=\"font-weight:700;line-height:15px;\">A\u00e9roports<\/h3><\/a><\/div> <!-- header --><div class=\"porto-sicon-description\" style=\"\">Faites confiance \u00e0 CTP et \u00e0 nos chauffeurs pour vous emmener et ramener en toute s\u00e9curit\u00e9 des a\u00e9roports\u2026<\/div> <!-- description --><\/div><\/div><!-- porto-sicon-box --><div class=\"porto-sicon-box  wpb_custom_1efe903570d178ff0a9b7bfa5febd3a4 style_1 left-icon\"><div class=\"porto-sicon-left\"><div class=\"porto-just-icon-wrapper porto-sicon-img  porto-icon-9f5d1cfb45d27d96b50bf473aebba227\" style=\"font-size: 35px;\"><img decoding=\"async\" class=\"img-icon\" alt=\"\" src=\"https:\/\/www.ctp.limo\/wp-content\/uploads\/2021\/05\/event.png\" width=\"512\" height=\"512\" \/><\/div><\/div><div class=\"porto-sicon-body\"><div class=\"porto-sicon-header\"><a class=\"porto-sicon-box-link\" href=\"https:\/\/ctp.limo\/events\/\"><h3 class=\"porto-sicon-title\" style=\"font-weight:700;line-height:15px;\">\u00c9v\u00e9nementiel<\/h3><\/a><\/div> <!-- header --><div class=\"porto-sicon-description\" style=\"\">Une \u00e9quipe sp\u00e9ciale du CTP \u00e9tudie votre programme, organise soigneusement le calendrier de vos d\u00e9placements\u2026<\/div> <!-- description --><\/div><\/div><!-- porto-sicon-box -->[\/vc_column][\/vc_row][vc_row][vc_column][vc_empty_space height=\u00a0\u00bb85px\u00a0\u00bb][\/vc_column][\/vc_row][vc_row full_width_css=\u00a0\u00bbstretch_row_css\u00a0\u00bb wrap_container=\u00a0\u00bbyes\u00a0\u00bb parallax=\u00a0\u00bbcontent-moving\u00a0\u00bb parallax_image=\u00a0\u00bb4081&Prime; el_class=\u00a0\u00bbcustom-parallax-section\u00a0\u00bb css=\u00a0\u00bb.vc_custom_1744713087783{padding-top: 30px !important;}\u00a0\u00bb conditional_render=\u00a0\u00bb%5B%7B%22value_role%22%3A%22administrator%22%7D%5D\u00a0\u00bb css_params=\u00a0\u00bb\u00a0\u00bb][vc_column offset=\u00a0\u00bbvc_col-md-6&Prime; css=\u00a0\u00bb.vc_custom_1640707804563{padding-top: 104px !important;padding-bottom: 94px !important;}\u00a0\u00bb][vc_raw_html el_class=\u00a0\u00bbmb-0&Prime;]PHN2ZyBjbGFzcz0iY3VzdG9tLXN2Zy1iYWNrZ3JvdW5kLTEgei1pbmRleC0xIiB2ZXJzaW9uPSIxLjEiIHhtbG5zPSJodHRwOi8vd3d3LnczLm9yZy8yMDAwL3N2ZyIgeG1sbnM6eGxpbms9Imh0dHA6Ly93d3cudzMub3JnLzE5OTkveGxpbmsiIHg9IjBweCIgeT0iMHB4IiB2aWV3Qm94PSIwIDAgMTkyMCA1MzciPg0KCQkJCQkJPHBhdGggZmlsbD0iI2ZmZiIgZD0iTTk2NC4zMywxODkuM0wxMTEwLjA4LDBIMHY1MzdoMTMzOC4zMUw5NzIuOTYsMjU1LjdDOTUyLjI0LDIzOS43NCw5NDguMzgsMjEwLjAyLDk2NC4zMywxODkuM3oiPjwvcGF0aD4NCgkJCQkJCTxwYXRoIGNsYXNzPSJhcHBlYXItYW5pbWF0aW9uIGFuaW1hdGVkIiBkYXRhLWFwcGVhci1hbmltYXRpb249ImN1c3RvbUxpbmVBbmltMiIgZGF0YS1hcHBlYXItYW5pbWF0aW9uLWRlbGF5PSI1MDAiIGRhdGEtYXBwZWFyLWFuaW1hdGlvbi1kdXJhdGlvbj0iNXMiIGRhdGEtcGx1Z2luLW9wdGlvbnM9InsnYWNjWSc6IC00MDB9IiBmaWxsPSJub25lIiBzdHJva2U9IiNjMGMwYzAiIHN0cm9rZS13aWR0aD0iMiIgc3Ryb2tlLW1pdGVybGltaXQ9IjEwIiBkPSJNMTg1NC4zNSwxMDUuNjNsLTQ4NS4zMS0zNDAuODRjLTE4LjMtMTIuODUtNDMuNTYtOC40NC01Ni40Miw5Ljg2TDk3MS43OSwyNTkuOTYNCgkJCQkJCQljLTEyLjg1LDE4LjMtOC40NCw0My41Niw5Ljg2LDU2LjQybDQ4NS4zMSwzNDAuODRjMTguMywxMi44NSw0My41Niw4LjQ0LDU2LjQyLTkuODZsMzQwLjg0LTQ4NS4zMQ0KCQkJCQkJCUMxODc3LjA3LDE0My43NCwxODcyLjY1LDExOC40OCwxODU0LjM1LDEwNS42M3oiPjwvcGF0aD4NCgkJCQkJPC9zdmc+[\/vc_raw_html][vc_custom_heading text=\u00a0\u00bbVIP\u00a0\u00bb use_theme_fonts=\u00a0\u00bbyes\u00a0\u00bb animation_delay=\u00a0\u00bb750&Prime; animation_type=\u00a0\u00bbfadeInLeft\u00a0\u00bb el_class=\u00a0\u00bbposition-relative z-index-1 mb-2&Prime;][vc_separator color=\u00a0\u00bbcustom\u00a0\u00bb align=\u00a0\u00bbalign_left\u00a0\u00bb border_width=\u00a0\u00bb4&Prime; css_animation=\u00a0\u00bbleft-to-right\u00a0\u00bb css=\u00a0\u00bb.vc_custom_1640707238972{margin-top: 13px !important;}\u00a0\u00bb style=\u00a0\u00bbsolid\u00a0\u00bb el_class=\u00a0\u00bbcustom-separator customLineProgressAnim mb-2 pb-1 position-relative z-index-1 pt-1&Prime; accent_color=\u00a0\u00bb#1c5fa8&Prime;][vc_custom_heading text=\u00a0\u00bbCTP assure avec une discr\u00e9tion, une fiabilit\u00e9 et une s\u00e9curit\u00e9 absolues le transport, l&rsquo;accompagnement et la protection de hautes personnalit\u00e9s, hommes politiques, hommes d&rsquo;affaires, ambassadeurs, artistes ou famille.\u00a0\u00bb font_container=\u00a0\u00bbtag:p|font_size:15.4px|text_align:left|line_height:26px\u00a0\u00bb use_theme_fonts=\u00a0\u00bbyes\u00a0\u00bb font_weight=\u00a0\u00bb300&Prime; letter_spacing=\u00a0\u00bb0&Prime; animation_delay=\u00a0\u00bb450&Prime; el_class=\u00a0\u00bbposition-relative z-index-1 pb-3 pr-5 mr-md-5 mr-lg-4 mb-4&Prime; animation_type=\u00a0\u00bbfadeInUp\u00a0\u00bb css_params=\u00a0\u00bb\u00a0\u00bb][vc_row_inner animation_delay=\u00a0\u00bb1250&Prime; el_class=\u00a0\u00bbposition-relative z-index-1 pt-1&Prime; animation_type=\u00a0\u00bbfadeInLeft\u00a0\u00bb][vc_column_inner animation_delay=\u00a0\u00bb750&Prime; animation_type=\u00a0\u00bbfadeInLeft\u00a0\u00bb offset=\u00a0\u00bbvc_col-xs-6&Prime;][vc_btn title=\u00a0\u00bbNOS SERVICES\u00a0\u00bb shape=\u00a0\u00bbrounded\u00a0\u00bb i_align=\u00a0\u00bbright\u00a0\u00bb i_icon_fontawesome=\u00a0\u00bbfas fa-long-arrow-alt-right\u00a0\u00bb skin=\u00a0\u00bbprimary\u00a0\u00bb btn_fs=\u00a0\u00bb1em\u00a0\u00bb btn_fw=\u00a0\u00bb700&Prime; btn_ls=\u00a0\u00bb0&Prime; animation_delay=\u00a0\u00bb1300&Prime; add_icon=\u00a0\u00bbtrue\u00a0\u00bb animation_type=\u00a0\u00bbfadeInUp\u00a0\u00bb btn_px=\u00a0\u00bb3rem\u00a0\u00bb btn_py=\u00a0\u00bb1.3132rem\u00a0\u00bb el_class=\u00a0\u00bbcustom-btn-arrow mb-0&Prime; link=\u00a0\u00bburl:https%3A%2F%2Fctp.limo%2Ffr%2Fservices%2F|title:CTP%20Services\u00a0\u00bb css_params=\u00a0\u00bb\u00a0\u00bb][\/vc_column_inner][\/vc_row_inner][\/vc_column][\/vc_row]<\/p>\n<\/div>","protected":false},"excerpt":{"rendered":"<p>[vc_row wrap_container=\u00a0\u00bbyes\u00a0\u00bb css=\u00a0\u00bb.vc_custom_1622448682143{padding-top: 75px !important;padding-bottom: 15px !important;}\u00a0\u00bb][vc_column width=\u00a0\u00bb1\/6&Prime;][\/vc_column][vc_column width=\u00a0\u00bb2\/3&Prime;][vc_text_separator title=\u00a0\u00bbNous vous conduisons partout avec style et confort !\u00a0\u00bb css=\u00a0\u00bb\u00a0\u00bb element=\u00a0\u00bbh2&Prime; css_params=\u00a0\u00bb\u00a0\u00bb el_class=\u00a0\u00bbtext-center\u00a0\u00bb][\/vc_column][vc_column width=\u00a0\u00bb1\/6&Prime;][\/vc_column][\/vc_row][vc_row wrap_container=\u00a0\u00bbyes\u00a0\u00bb is_section=\u00a0\u00bbyes\u00a0\u00bb section_skin=\u00a0\u00bbparallax\u00a0\u00bb remove_margin_top=\u00a0\u00bbyes\u00a0\u00bb remove_margin_bottom=\u00a0\u00bbyes\u00a0\u00bb remove_border=\u00a0\u00bbyes\u00a0\u00bb el_class=\u00a0\u00bbp-t-xxl row-align-items-center\u00a0\u00bb][vc_column offset=\u00a0\u00bbvc_col-md-6&Prime; el_class=\u00a0\u00bbpr-lg-5 mb-sm-5 mb-lg-0&Prime;][vc_column_text css=\u00a0\u00bb\u00a0\u00bb css_params=\u00a0\u00bb\u00a0\u00bb]La principale priorit\u00e9 de notre soci\u00e9t\u00e9 est que le luxe de nos services r\u00e9ponde aux exigences \u00e9lev\u00e9es de vos [&hellip;]<\/p>\n","protected":false},"author":5,"featured_media":0,"parent":0,"menu_order":0,"comment_status":"closed","ping_status":"closed","template":"","meta":{"footnotes":""},"class_list":["post-8246","page","type-page","status-publish","hentry"],"_links":{"self":[{"href":"https:\/\/www.ctp.limo\/fr\/wp-json\/wp\/v2\/pages\/8246","targetHints":{"allow":["GET"]}}],"collection":[{"href":"https:\/\/www.ctp.limo\/fr\/wp-json\/wp\/v2\/pages"}],"about":[{"href":"https:\/\/www.ctp.limo\/fr\/wp-json\/wp\/v2\/types\/page"}],"author":[{"embeddable":true,"href":"https:\/\/www.ctp.limo\/fr\/wp-json\/wp\/v2\/users\/5"}],"replies":[{"embeddable":true,"href":"https:\/\/www.ctp.limo\/fr\/wp-json\/wp\/v2\/comments?post=8246"}],"version-history":[{"count":1,"href":"https:\/\/www.ctp.limo\/fr\/wp-json\/wp\/v2\/pages\/8246\/revisions"}],"predecessor-version":[{"id":11452,"href":"https:\/\/www.ctp.limo\/fr\/wp-json\/wp\/v2\/pages\/8246\/revisions\/11452"}],"wp:attachment":[{"href":"https:\/\/www.ctp.limo\/fr\/wp-json\/wp\/v2\/media?parent=8246"}],"curies":[{"name":"wp","href":"https:\/\/api.w.org\/{rel}","templated":true}]}}